{"id":1101,"date":"2023-01-30T10:58:55","date_gmt":"2023-01-30T09:58:55","guid":{"rendered":"https:\/\/christine.melchert.se\/web\/?page_id=1101"},"modified":"2023-01-30T11:13:14","modified_gmt":"2023-01-30T10:13:14","slug":"hjartat-tunntarmen","status":"publish","type":"page","link":"https:\/\/christine.melchert.se\/web\/hjartat-tunntarmen\/","title":{"rendered":"Hj\u00e4rtat &#038; tunntarmen"},"content":{"rendered":"\n<p><strong>Hj\u00e4rtat<\/strong><\/p>\n\n\n\n<p>Inom v\u00e4sterl\u00e4ndsk medicin anses hj\u00e4rtat vara centrum f\u00f6r cirkulationssystemet. Dess prim\u00e4ra ansvar \u00e4r att fungera som en pump som kontrollerar blodfl\u00f6det genom cirkulationssystemet.<\/p>\n\n\n\n<p>I traditionell kinesisk medicin (TCM) \u00e4r hj\u00e4rtats ansvar utvidgat till att \u00e4ven g\u00e4lla de k\u00e4nslom\u00e4ssiga och andliga omr\u00e5dena. I de gamla texterna \u00e4r hj\u00e4rtat h\u00f6gst ansvarig f\u00f6r att uppr\u00e4tth\u00e5lla inre frid och harmoni. Hj\u00e4rtat anses ocks\u00e5 ansvarigt f\u00f6r intelligens, visdom och andlig transformation.<\/p>\n\n\n\n<p>Lokaliserat i v\u00e5rt centrum, anses hj\u00e4rtat vara \u201dlivets rot\u201d och \u201ds\u00e4tet f\u00f6r intelligens\u201d som ger inspiration till alla h\u00f6gre utvecklade mentala funktioner som associeras med m\u00e4nniskan: medvetenhet, uppfattningsf\u00f6rm\u00e5ga, intuition, inspiration, andlighet och f\u00f6rm\u00e5gan att kunna kommunicera tankar och k\u00e4nslor.<\/p>\n\n\n\n<p><strong>Perikardium<\/strong><\/p>\n\n\n\n<p>Inom v\u00e4sterl\u00e4ndsk medicin \u00e4r perikardium en s\u00e4ck som omger och beskyddar hj\u00e4rtat, det vill s\u00e4ga hj\u00e4rts\u00e4cken. I TCM anser man att den \u00e4r s\u00e5 mycket mer \u00e4n s\u00e5; hj\u00e4rtat har ett stort ansvar och d\u00e4rmed en stor b\u00f6rda och hj\u00e4rts\u00e4cken underl\u00e4ttar f\u00f6r hj\u00e4rtat genom att skapa gl\u00e4dje och skratt och skyddar hj\u00e4rtat genom att s\u00e5lla bort on\u00f6diga eller o\u00f6nskade id\u00e9er, tankar och bilder.<\/p>\n\n\n\n<p>Hj\u00e4rts\u00e4cken ger ocks\u00e5 hj\u00e4rtat andlig n\u00e4ring samt \u00f6vervakar n\u00e4ra relationer. M\u00e5nga psykiska st\u00f6rningar som fobier, depression, oro, panik\u00e5ngest och talproblem anses vara symptom p\u00e5 obalans i hj\u00e4rts\u00e4cken.<\/p>\n\n\n\n<p><strong>Trippelv\u00e4rmaren<\/strong><\/p>\n\n\n\n<p>Trippelv\u00e4rmaren \u00e4r det enda organ som i TCM klassificeras som enbart funktionellt utan att ha en strukturell motsvarighet. I v\u00e4sterl\u00e4ndsk medicin finns inget motsvarande organ. Inom TCM anses dock trippelv\u00e4rmaren vara en extremt kraftfull komponent i kroppen, sinnet och anden och ansvarar f\u00f6r att v\u00e4rma och kyla hela systemet. Trippelv\u00e4rmaren best\u00e5r av tre \u201ddelar\u201d som var och en ansvarar f\u00f6r en viss del av kroppen. Metaforiskt regerar trippelv\u00e4rmaren \u00e4ven \u00f6ver tre olika niv\u00e5er av medvetenhet. De tre delarna i trippelv\u00e4rmaren arbetar tillsammans f\u00f6r balans i kropp, sinne och ande och \u00e4r ansvariga f\u00f6r att uppr\u00e4tth\u00e5lla fridfulla och stabila f\u00f6rh\u00e5llanden b\u00e5de inom individen och mellan individen och samh\u00e4llet.<\/p>\n\n\n\n<p><strong>Tunntarmen<\/strong><\/p>\n\n\n\n<p>I TCM kallas tunntarmen f\u00f6r \u201davskiljaren av det rena fr\u00e5n det orena\u201d och f\u00f6r \u201dInformations-ministern\u201d. Efter att ha sorterat ut den \u201drena\u201d n\u00e4ringen fr\u00e5n mat och dryck, transporterar tunntarmen den till mj\u00e4lten, d\u00e4r den blir omvandlad till energi (chi) och blod. De \u201dorena\u201d delarna f\u00f6rs vidare till tjocktarmen f\u00f6r eliminering. En liknande process sker p\u00e5 den mentala och andliga niv\u00e5n; f\u00f6r att bli och f\u00f6rbli h\u00e4lsosamma, beh\u00f6ver vi filtrera och absorbera endast de \u201dn\u00e4ringsriktiga\u201d delarna av v\u00e5rt samspel med andra och eliminera \u201dosm\u00e4ltbara\u201d delar fr\u00e5n v\u00e5r medvetenhet.<\/p>\n\n\n\n<p>Dessa fyra organsystem associeras med elementet eld. L\u00e4s mer om detta element h\u00e4r: <a href=\"https:\/\/christine.melchert.se\/web\/eld\/\" data-type=\"page\" data-id=\"1096\"><strong>Eld<\/strong><\/a><\/p>\n\n\n\n<p><strong>Meridianer &amp; yinyoga<\/strong><\/p>\n\n\n\n<p>Hj\u00e4rtats meridian b\u00f6rjar i armh\u00e5lan, forts\u00e4tter ner l\u00e4ngs med armens insida p\u00e5 lillfingersidan till lillfingret vid nagelroten p\u00e5 ringfingersidan. Tunntarmens meridian b\u00f6rjar p\u00e5 lillfingrets utsida vid nagelroten och forts\u00e4tter upp p\u00e5 armens utsida till baksidan d\u00e4r armen f\u00e4ster till br\u00f6stkorgen. Sedan g\u00e5r den ned till mitten av skulderbladet, in mot ryggraden, upp till kinden och bak till \u00f6rat.<\/p>\n\n\n\n<p>I yinyoga stimuleras\/balanseras hj\u00e4rtat och tunntarmen samt hj\u00e4rtats och tunntarmens meridianer genom \u00f6vningar som till exempel Sfinxen, S\u00e4len, 1\/4 Hund\/Hundvalpen, Fj\u00e4rilen, Fisken och Trollsl\u00e4ndan.<\/p>\n","protected":false},"excerpt":{"rendered":"<p>Hj\u00e4rtat Inom v\u00e4sterl\u00e4ndsk medicin anses hj\u00e4rtat vara centrum f\u00f6r cirkulationssystemet. Dess prim\u00e4ra ansvar \u00e4r att fungera som en pump som kontrollerar blodfl\u00f6det genom cirkulationssystemet. I traditionell kinesisk medicin (TCM) \u00e4r hj\u00e4rtats ansvar utvidgat till att \u00e4ven g\u00e4lla de k\u00e4nslom\u00e4ssiga och andliga omr\u00e5dena. I de gamla texterna \u00e4r hj\u00e4rtat h\u00f6gst ansvarig f\u00f6r att uppr\u00e4tth\u00e5lla inre frid &hellip; <a href=\"https:\/\/christine.melchert.se\/web\/hjartat-tunntarmen\/\" class=\"more-link\">Forts\u00e4tt l\u00e4sa <span class=\"screen-reader-text\">Hj\u00e4rtat &#038; tunntarmen<\/span><\/a><\/p>\n","protected":false},"author":2,"featured_media":1106,"parent":0,"menu_order":0,"comment_status":"closed","ping_status":"closed","template":"","meta":{"footnotes":""},"class_list":["post-1101","page","type-page","status-publish","has-post-thumbnail","hentry"],"_links":{"self":[{"href":"https:\/\/christine.melchert.se\/web\/wp-json\/wp\/v2\/pages\/1101","targetHints":{"allow":["GET"]}}],"collection":[{"href":"https:\/\/christine.melchert.se\/web\/wp-json\/wp\/v2\/pages"}],"about":[{"href":"https:\/\/christine.melchert.se\/web\/wp-json\/wp\/v2\/types\/page"}],"author":[{"embeddable":true,"href":"https:\/\/christine.melchert.se\/web\/wp-json\/wp\/v2\/users\/2"}],"replies":[{"embeddable":true,"href":"https:\/\/christine.melchert.se\/web\/wp-json\/wp\/v2\/comments?post=1101"}],"version-history":[{"count":3,"href":"https:\/\/christine.melchert.se\/web\/wp-json\/wp\/v2\/pages\/1101\/revisions"}],"predecessor-version":[{"id":1111,"href":"https:\/\/christine.melchert.se\/web\/wp-json\/wp\/v2\/pages\/1101\/revisions\/1111"}],"wp:featuredmedia":[{"embeddable":true,"href":"https:\/\/christine.melchert.se\/web\/wp-json\/wp\/v2\/media\/1106"}],"wp:attachment":[{"href":"https:\/\/christine.melchert.se\/web\/wp-json\/wp\/v2\/media?parent=1101"}],"curies":[{"name":"wp","href":"https:\/\/api.w.org\/{rel}","templated":true}]}}