{"id":111,"date":"2017-11-08T23:03:16","date_gmt":"2017-11-08T22:03:16","guid":{"rendered":"http:\/\/www.christine.melchert.se\/web\/?page_id=111"},"modified":"2026-03-31T14:37:51","modified_gmt":"2026-03-31T12:37:51","slug":"reiki-2-fortsattningskurs","status":"publish","type":"page","link":"https:\/\/christine.melchert.se\/web\/reiki-2-fortsattningskurs\/","title":{"rendered":"Reiki 2 &#8211; Forts\u00e4ttningskurs"},"content":{"rendered":"<p><b>L\u00e4s om f\u00f6rkunskaper\u00a0<a href=\"https:\/\/christine.melchert.se\/web\/forkunskaper-reiki-utbildning\/\" target=\"_blank\" rel=\"noopener\">h\u00e4r<\/a><\/b><\/p>\n<p><em>N\u00e4r du har anv\u00e4nt sina Reiki 1-kunskaper en tid, kommer du kanske att bli intresserad av att l\u00e4ra dig \u00e4nnu mer om Reiki och dess anv\u00e4ndningsomr\u00e5den. I forts\u00e4ttningskursen f\u00e5r du l\u00e4ra sig olika tekniker f\u00f6r att mer medvetet styra Reiki till speciella omr\u00e5den eller energif\u00e4lt som du vill arbeta med.<\/em><\/p>\n<p>Du f\u00e5r l\u00e4ra sig tre symboler och de har f\u00f6rm\u00e5gan att harmoniskt f\u00f6r\u00e4ndra andra energiformer. Det kan handla s\u00e5v\u00e4l om fysiska energier i kroppen som subtila energier som till exempel en disharmonisk situation, ett beteende-m\u00f6nster, en specifik r\u00e4dsla eller p\u00e5verkan fr\u00e5n en sv\u00e5r barndom och uppv\u00e4xt. Alla dessa omr\u00e5den kan f\u00f6rb\u00e4ttras genom forts\u00e4ttningskursens tekniker.<\/p>\n<p>Huvudanledningen till att m\u00e5nga v\u00e4ljer att g\u00e5 forts\u00e4ttningskursen \u00e4r att de vill l\u00e4ra sig skicka Reiki p\u00e5 distans. Avst\u00e5nd f\u00f6rlorar sin betydelse just d\u00e4rf\u00f6r att Reiki vibrerar med s\u00e5 h\u00f6g hastighet.<\/p>\n<p>I forts\u00e4ttningskursen l\u00e4r du dig att skicka Reiki, inte bara till andra m\u00e4nniskor, utan \u00e4ven till exempelvis relationer, en arbetssituation, semestern, en operation, globala kriser. Ja, det finns inga begr\u00e4nsningar!<\/p>\n<p>Kursen omfattar 20,5 timmar uppdelade p\u00e5 tre dagar och du kommer att f\u00e5 tv\u00e5 initieringar (aktiveringar) f\u00f6r att kroppen ska komma i samklang med de tre symbolerna och f\u00f6r att teknikerna ska fungera. Initieringen inneb\u00e4r ett \u00f6kat fl\u00f6de av Reiki genom h\u00e4nderna, en \u00f6kning av kroppens energi-vibrationer och ytterligare utvidgning av auran, samt ytterligare personlig utveckling p\u00e5b\u00f6rjas.<\/p>\n<p>Det kommer att bli intensiva och mycket sp\u00e4nnande dagar och denna kurs kommer att inneb\u00e4ra fantastiska m\u00f6jligheter med m\u00e5nga &#8221;Reiki-verktyg&#8221; i bagaget.<\/p>\n<p>De 20,5 timmarna f\u00f6rdelas enligt f\u00f6ljande:<\/p>\n<ul>\n<li>Dag 1: 15.00-19.00<\/li>\n<li>Dag 2: 09.00-17.30<\/li>\n<li>Dag 3: 09.00-17.00<\/li>\n<\/ul>\n<p>Detta ing\u00e5r i kursen:<\/p>\n<ul>\n<li>Repetition av behandlingspositioner &amp; chakran<\/li>\n<li>Reiju: Reiki 2-initieringar<\/li>\n<li>Reiki 2-symboler med mantran \u2013 betydelse och anv\u00e4ndningsomr\u00e5den<\/li>\n<li>Gassho-Meditation<\/li>\n<li>Sj\u00e4lvhealing med symbolerna<\/li>\n<li>Enkaku chiryo och Shashin chiryo: S\u00e4nda Reiki p\u00e5 avst\u00e5nd<\/li>\n<li>Reiji-ho: f\u00f6r intuitiv ledning &#8211; tv\u00e5 variationer<\/li>\n<li>Ge andra behandling med symbolerna<\/li>\n<li>Byosen: hitta och arbeta med problemomr\u00e5den<\/li>\n<li>Kenyoku: torrbad<\/li>\n<li>Joshin Kokyuu-Ho: andnings\u00f6vning f\u00f6r att rena anden<\/li>\n<li>Meditationer: Affirmationer\/Chakra-healing\/Symboler\/Manifestera m\u00e5l<\/li>\n<li>\u00d6vning f\u00f6r att skapa varaktiga f\u00f6r\u00e4ndringar i sitt liv<\/li>\n<li><strong>BONUS!<\/strong> Flera inspelningar med \u00f6vningar och meditationer fr\u00e5n kursen<\/li>\n<li>Symboltest<\/li>\n<li>Kursmaterial<\/li>\n<li>Genomg\u00e5ng av tystnadsplikt och bem\u00f6tande av klienter<\/li>\n<li>Diplom<\/li>\n<li>F\u00f6r- och eftermiddags mellanm\u00e5l<\/li>\n<\/ul>\n<p>Jag har en Facebook-grupp f\u00f6r alla mina kursdeltagare d\u00e4r man har m\u00f6jlighet att diskutera och att f\u00e5 st\u00e4lla fr\u00e5gor om Reiki, samt f\u00e5 kontakt med m\u00e5nga andra Reiki-ut\u00f6vare. Jag har ocks\u00e5 Reiki-tr\u00e4ffar n\u00e5gra g\u00e5nger om \u00e5ret d\u00e4r alla mina elever \u00e4r v\u00e4lkomna f\u00f6r samvaro och Reiki-utbyte. En perfekt plattform f\u00f6r att h\u00e5lla ig\u00e5ng sin Reiki \u00e4ven efter kursen!<\/p>\n<p><b>F\u00f6r aktuella priser, se Priser i menyn. Notera att f<strong>\u00f6r f\u00f6retag tillkommer moms.<\/strong><\/b><\/p>\n<p>I videon nedan ber\u00e4ttar jag om forts\u00e4ttningskursen:<\/p>\n<p><iframe loading=\"lazy\" title=\"Christine Melchert - Om Reiki forts\u00e4ttningskurs\" width=\"660\" height=\"371\" src=\"https:\/\/www.youtube.com\/embed\/M0KubitIPkI?feature=oembed\" frameborder=\"0\" allow=\"accelerometer; autoplay; clipboard-write; encrypted-media; gyroscope; picture-in-picture; web-share\" referrerpolicy=\"strict-origin-when-cross-origin\" allowfullscreen><\/iframe><\/p>\n","protected":false},"excerpt":{"rendered":"<p>L\u00e4s om f\u00f6rkunskaper\u00a0h\u00e4r N\u00e4r du har anv\u00e4nt sina Reiki 1-kunskaper en tid, kommer du kanske att bli intresserad av att l\u00e4ra dig \u00e4nnu mer om Reiki och dess anv\u00e4ndningsomr\u00e5den. I forts\u00e4ttningskursen f\u00e5r du l\u00e4ra sig olika tekniker f\u00f6r att mer medvetet styra Reiki till speciella omr\u00e5den eller energif\u00e4lt som du vill arbeta med. Du f\u00e5r &hellip; <a href=\"https:\/\/christine.melchert.se\/web\/reiki-2-fortsattningskurs\/\" class=\"more-link\">Forts\u00e4tt l\u00e4sa <span class=\"screen-reader-text\">Reiki 2 &#8211; Forts\u00e4ttningskurs<\/span><\/a><\/p>\n","protected":false},"author":2,"featured_media":679,"parent":0,"menu_order":0,"comment_status":"closed","ping_status":"closed","template":"","meta":{"footnotes":""},"class_list":["post-111","page","type-page","status-publish","has-post-thumbnail","hentry"],"_links":{"self":[{"href":"https:\/\/christine.melchert.se\/web\/wp-json\/wp\/v2\/pages\/111","targetHints":{"allow":["GET"]}}],"collection":[{"href":"https:\/\/christine.melchert.se\/web\/wp-json\/wp\/v2\/pages"}],"about":[{"href":"https:\/\/christine.melchert.se\/web\/wp-json\/wp\/v2\/types\/page"}],"author":[{"embeddable":true,"href":"https:\/\/christine.melchert.se\/web\/wp-json\/wp\/v2\/users\/2"}],"replies":[{"embeddable":true,"href":"https:\/\/christine.melchert.se\/web\/wp-json\/wp\/v2\/comments?post=111"}],"version-history":[{"count":20,"href":"https:\/\/christine.melchert.se\/web\/wp-json\/wp\/v2\/pages\/111\/revisions"}],"predecessor-version":[{"id":1456,"href":"https:\/\/christine.melchert.se\/web\/wp-json\/wp\/v2\/pages\/111\/revisions\/1456"}],"wp:featuredmedia":[{"embeddable":true,"href":"https:\/\/christine.melchert.se\/web\/wp-json\/wp\/v2\/media\/679"}],"wp:attachment":[{"href":"https:\/\/christine.melchert.se\/web\/wp-json\/wp\/v2\/media?parent=111"}],"curies":[{"name":"wp","href":"https:\/\/api.w.org\/{rel}","templated":true}]}}