{"id":1164,"date":"2023-11-16T16:30:07","date_gmt":"2023-11-16T15:30:07","guid":{"rendered":"https:\/\/christine.melchert.se\/web\/?page_id=1164"},"modified":"2023-11-16T16:35:14","modified_gmt":"2023-11-16T15:35:14","slug":"njurarna-och-urinblasan","status":"publish","type":"page","link":"https:\/\/christine.melchert.se\/web\/njurarna-och-urinblasan\/","title":{"rendered":"Njurarna och urinbl\u00e5san"},"content":{"rendered":"\n<p>Njurarna \u00e4r placerade p\u00e5 var sida om ryggraden i nedre delen av ryggen och enligt v\u00e4sterl\u00e4ndsk medicin \u00e4r de ansvariga f\u00f6r att reglera vatten och andra substanser i blodet och f\u00f6r att avl\u00e4gsna avfall fr\u00e5n blodet genom urinen.<\/p>\n\n\n\n<p>Enligt traditionell kinesisk medicin (TCM) associeras njurarna med vattenelementet. Enligt TCM \u00e4r njurarnas huvudsakliga uppgift att skapa och sprida v\u00e4rme och energi i hela kroppen och att njurarnas \u201deld\u201d (\u201dthe Fire of Ming Men\u201d) f\u00f6rser alla vitala organ med energi, som i sin tur hj\u00e4lper organen att fungera p\u00e5 topp. Bildligt talat, anses \u201dthe Fire of Ming Men\u201d tillhandah\u00e5lla den drivkraft och viljestyrka som beh\u00f6vs f\u00f6r att forts\u00e4tta fram\u00e5t, att \u00f6verkomma hinder och att n\u00e5 v\u00e5ra m\u00e5l i livet, samt v\u00e5r \u00f6verlevnadsinstinkt. Njurarna anses styra v\u00e5ra ben och v\u00e5rt skelett, samt styr v\u00e5r f\u00f6rm\u00e5ga att resonera, minnas och \u00e4ven v\u00e5r fantasi och f\u00f6rest\u00e4llningsf\u00f6rm\u00e5ga.<\/p>\n\n\n\n<p>Det andra organet som associeras med vatten-elementet \u00e4r urinbl\u00e5san och enligt TCM kallas urinbl\u00e5san f\u00f6r \u201dtj\u00e4nstemannen som ansvarar f\u00f6r att eliminera flytande avfall\u201d. Om inte urinbl\u00e5san fungerar optimalt, finns det en risk att systemet fylls upp med toxiner och avfall. Depression, of\u00f6rm\u00e5ga att anpassa sig till nya eller ovanliga omst\u00e4ndigheter och tr\u00f6tthet \u00e4r symtom p\u00e5 obalans i urinbl\u00e5sans energi.<\/p>\n\n\n\n<p>L\u00e4s mer om elementet vatten h\u00e4r: <strong><a href=\"https:\/\/christine.melchert.se\/web\/vatten\/\" data-type=\"page\" data-id=\"1160\" target=\"_blank\" rel=\"noreferrer noopener\">Vatten<\/a><\/strong><\/p>\n\n\n\n<p><strong>Meridianer &amp; yinyoga<\/strong><\/p>\n\n\n\n<p>Njurens meridian \u00e4r den enda meridian som inte g\u00e5r till en t\u00e5 eller till ett finger. Det \u00e4r ocks\u00e5 den enda meridian som korsar sig sj\u00e4lv.<\/p>\n\n\n\n<p>Njurens meridian b\u00f6rjar p\u00e5 undersidan av foten, i mitten vid den fr\u00e4mre trampdynan, forts\u00e4tter upp till baksidan av den inre fotkn\u00f6len. G\u00e5r ned\u00e5t till h\u00e4len, lite fram och upp bakom fotkn\u00f6len l\u00e5ngt bak p\u00e5 benets insida. G\u00e5r n\u00e4ra mitten p\u00e5 buken och l\u00e4ngs revbensf\u00e4stena p\u00e5 br\u00f6stbenet upp till strax nedanf\u00f6r nyckelbenets inre kant.<\/p>\n\n\n\n<p>Kinesiskt namn: Zu shao yin, benets lilla yin<\/p>\n\n\n\n<p>Urinbl\u00e5sans meridian \u00e4r kroppens l\u00e4ngsta meridian och den enda som g\u00e5r i dubbla str\u00e5k.<\/p>\n\n\n\n<p>Den b\u00f6rjar vid t\u00e5rkanalens utg\u00e5ng, g\u00e5r upp \u00f6ver huvudet, delar p\u00e5 sig i bakhuvudet. De dubbla str\u00e5ken g\u00e5r ned l\u00e4ngs ryggen och m\u00f6ts i kn\u00e4vecket. Meridianen forts\u00e4tter ned\u00e5t i mitten av vadbenet, vid h\u00e4lsenan sv\u00e4nger den ut\u00e5t och g\u00e5r mellan h\u00e4lsenan och den yttre fotkn\u00f6len ned p\u00e5 foten till roten p\u00e5 lillt\u00e5nagelns utsida.<\/p>\n\n\n\n<p>Kinesiskt namn: Zu tai yang, Benets stora yang<\/p>\n\n\n\n<p>I yinyoga stimuleras\/balanseras njurarnas och urinbl\u00e5sans meridianer genom \u00f6vningar som stretchar ryggen, in- och baksidan av benen samt \u00f6ppnar upp h\u00f6fterna. Exempel p\u00e5 yoga-positioner \u00e4r fj\u00e4rilen, fram\u00e5tb\u00f6j, sfinxen, s\u00e4len, trollsl\u00e4ndan och happy baby.<\/p>\n","protected":false},"excerpt":{"rendered":"<p>Njurarna \u00e4r placerade p\u00e5 var sida om ryggraden i nedre delen av ryggen och enligt v\u00e4sterl\u00e4ndsk medicin \u00e4r de ansvariga f\u00f6r att reglera vatten och andra substanser i blodet och f\u00f6r att avl\u00e4gsna avfall fr\u00e5n blodet genom urinen. Enligt traditionell kinesisk medicin (TCM) associeras njurarna med vattenelementet. Enligt TCM \u00e4r njurarnas huvudsakliga uppgift att skapa &hellip; <a href=\"https:\/\/christine.melchert.se\/web\/njurarna-och-urinblasan\/\" class=\"more-link\">Forts\u00e4tt l\u00e4sa <span class=\"screen-reader-text\">Njurarna och urinbl\u00e5san<\/span><\/a><\/p>\n","protected":false},"author":2,"featured_media":838,"parent":0,"menu_order":0,"comment_status":"closed","ping_status":"closed","template":"","meta":{"footnotes":""},"class_list":["post-1164","page","type-page","status-publish","has-post-thumbnail","hentry"],"_links":{"self":[{"href":"https:\/\/christine.melchert.se\/web\/wp-json\/wp\/v2\/pages\/1164","targetHints":{"allow":["GET"]}}],"collection":[{"href":"https:\/\/christine.melchert.se\/web\/wp-json\/wp\/v2\/pages"}],"about":[{"href":"https:\/\/christine.melchert.se\/web\/wp-json\/wp\/v2\/types\/page"}],"author":[{"embeddable":true,"href":"https:\/\/christine.melchert.se\/web\/wp-json\/wp\/v2\/users\/2"}],"replies":[{"embeddable":true,"href":"https:\/\/christine.melchert.se\/web\/wp-json\/wp\/v2\/comments?post=1164"}],"version-history":[{"count":2,"href":"https:\/\/christine.melchert.se\/web\/wp-json\/wp\/v2\/pages\/1164\/revisions"}],"predecessor-version":[{"id":1166,"href":"https:\/\/christine.melchert.se\/web\/wp-json\/wp\/v2\/pages\/1164\/revisions\/1166"}],"wp:featuredmedia":[{"embeddable":true,"href":"https:\/\/christine.melchert.se\/web\/wp-json\/wp\/v2\/media\/838"}],"wp:attachment":[{"href":"https:\/\/christine.melchert.se\/web\/wp-json\/wp\/v2\/media?parent=1164"}],"curies":[{"name":"wp","href":"https:\/\/api.w.org\/{rel}","templated":true}]}}