{"id":1217,"date":"2024-04-23T11:07:47","date_gmt":"2024-04-23T09:07:47","guid":{"rendered":"https:\/\/christine.melchert.se\/web\/?page_id=1217"},"modified":"2026-03-13T16:36:57","modified_gmt":"2026-03-13T15:36:57","slug":"baskurs-hypnosterapi","status":"publish","type":"page","link":"https:\/\/christine.melchert.se\/web\/baskurs-hypnosterapi\/","title":{"rendered":"BASKURS &#8211; HYPNOTERAPEUT"},"content":{"rendered":"\n<p><strong>Vad \u00e4r hypnos?<\/strong><\/p>\n\n\n\n<p>Hypnos \u00e4r ett framkallat tillst\u00e5nd av avslappning, koncentration och inlevelse som omfattar b\u00e5de kropp och sinne. Det \u00e4r en f\u00f6rh\u00f6jd medvetenhet med en k\u00e4nsla av distans. Hypnos \u00e4r ett fullst\u00e4ndigt normalt, icke magiskt fenomen med f\u00f6ruts\u00e4gbara verkningar. En person i hypnos sover inte utan v\u00e4ljer bara att tempor\u00e4rt vara mer fokuserad p\u00e5 sitt inre \u00e4n det yttre.<\/p>\n\n\n\n<p>Ingen kan n\u00e5gonsin f\u00f6rm\u00e5s att g\u00f6ra saker mot sin vilja. Alla med normal intelligens och koncentrationsf\u00f6rm\u00e5ga kan uppleva det hypnotiska tillst\u00e5ndet om viljan finns och eventuella missf\u00f6rst\u00e5nd retts ut.&nbsp;Hypnos, som \u00e4r ett fullst\u00e4ndigt naturligt fenomen, \u00e4r en h\u00f6gst behaglig och sk\u00f6nt avslappnad upplevelse.&nbsp;Hypnoterapi skapar ett sinnestillst\u00e5nd i vilket klienten och terapeuten tillsammans arbetar f\u00f6r att n\u00e5 \u00f6nskat resultat.<\/p>\n\n\n\n<p><strong>Vem \u00e4r utbildningen till f\u00f6r och vad l\u00e4r man sig?<\/strong><\/p>\n\n\n\n<p>Baskursen i hypnoterapi \u00e4r en yrkesutbildning och v\u00e4nder sig till alla som vill b\u00f6rja arbeta eller redan arbetar professionellt med klienter i olika former av terapi. Som professionell samtalsterapeut, psykolog eller psykoterapeut till exempel, f\u00e5r du med denna kurs nya tekniker f\u00f6r att komplettera dem du redan har. Och f\u00f6r dig som \u00e4r helt ny inom omr\u00e5det, men som k\u00e4nner ett kall att hj\u00e4lpa andra, blir detta en gedigen utbildning som ger dig den kunskap du beh\u00f6ver f\u00f6r att b\u00f6rja jobba professionellt med hypnoterapi direkt efter godk\u00e4nd tentamen och praktik.<\/p>\n\n\n\n<p>Sj\u00e4lvklart \u00e4r denna utbildning l\u00e4mplig \u00e4ven f\u00f6r dig som inte har t\u00e4nkt att arbeta med hypnoterapi professionellt, men som \u00f6nskar l\u00e4ra dig hur du kan arbeta med hypnos med andra och dig sj\u00e4lv f\u00f6r personlig utveckling.<\/p>\n\n\n\n<p>I baskursen l\u00e4r du dig bland annat:<\/p>\n\n\n\n<ul class=\"wp-block-list\">\n<li>Hypnosens teoretiska grunder<\/li>\n\n\n\n<li>R\u00f6st- och andningsteknik<\/li>\n\n\n\n<li>Att f\u00f6rs\u00e4tta andra personer i hypnos<\/li>\n\n\n\n<li>Att anv\u00e4nda suggestioner f\u00f6r att positivt p\u00e5verka och hj\u00e4lpa dina klienter<\/li>\n<\/ul>\n\n\n\n<p>Kursen som helhet best\u00e5r av en teoridel och en praktisk till\u00e4mpningsdel. Teorin l\u00e4ser du in p\u00e5 egen hand innan praktikdagarna. Datum f\u00f6r praktikdagarna bokar jag gemensamt med alla anm\u00e4lda kursdeltagare som betalt teoridelen. S\u00e5 h\u00e4r f\u00e5r du chansen att vara med och best\u00e4mma datum som passar dig.<\/p>\n\n\n\n<p>I teoridelen ing\u00e5r \u00e4ven en 6-timmars kick-off-dag hos mig i Norrk\u00f6ping (kl.09.30-15.30). Under denna kick-off, d\u00e5 jag vill att du n\u00e4rvarar fysiskt, kommer du att f\u00e5 din kursmanual och vi kommer att g\u00f6ra en snabb genomg\u00e5ng av kursmanualens inneh\u00e5ll f\u00f6r att du ska f\u00e5 en bra \u00f6verblick \u00f6ver materialet. Det kr\u00e4vs minst fyra deltagare f\u00f6r denna kick-off och f\u00f6r praktikdagarna.<\/p>\n\n\n\n<p><strong>Vad kr\u00e4vs f\u00f6r att kunna delta i kurserna?<\/strong><\/p>\n\n\n\n<p>Baskursen \u00e4r \u00f6ppen f\u00f6r alla som \u00e4r nyfikna p\u00e5 det undermedvetna och vill unders\u00f6ka sinnets mysterier. Den \u00e4r till f\u00f6r alla som sj\u00e4lva \u00e4r \u00f6ppna f\u00f6r sj\u00e4lvutveckling. Om du vill hj\u00e4lpa andra m\u00e4nniskor att m\u00e5 b\u00e4ttre i kropp och sinne \u00e4r det ett plus, men \u00e5terigen \u00e4r du s\u00e5 klart v\u00e4lkommen att g\u00e5 denna utbildning helt och h\u00e5llet f\u00f6r din egen skull. Enda kravet \u00e4r att du har en respektfull och \u00f6dmjuk inst\u00e4llning till andra m\u00e4nniskor, men annars kr\u00e4vs inga f\u00f6rkunskaper.<\/p>\n\n\n\n<p><strong>Baskursintyg<\/strong><\/p>\n\n\n\n<p>Efter godk\u00e4nd praktik och tentamen, kommer du att f\u00e5 ett Baskursintyg, som visar att du har kvalificerat dig f\u00f6r att hj\u00e4lpa dig sj\u00e4lv och andra med grunderna i hypnoterapi.<\/p>\n\n\n\n<p><strong>Kostnad<\/strong><\/p>\n\n\n\n<p>F\u00f6r&nbsp;hela&nbsp;baskursen \u00e4r din investering 12 100: &#8211; Du kan naturligtvis betala hela beloppet p\u00e5 en g\u00e5ng, men om det hj\u00e4lper eller g\u00f6r det enklare f\u00f6r dig kan dock kostnaden delas upp i tv\u00e5 delbetalningar:<\/p>\n\n\n\n<p><strong>Basteori: 6 200: &#8211;<\/strong> : Innan du betalar, anm\u00e4ler du dig till utbildningen enligt nedan och n\u00e4r tillr\u00e4ckligt antal deltagare \u00e4r anm\u00e4lda, f\u00e5r du besked att utbildningen startar och f\u00e5r d\u00e5 en faktura p\u00e5 mejlen. I samband med detta, bokar vi gemensamt en dag f\u00f6r kick-off, d\u00e5 du kommer att f\u00e5 din kursmanual.<\/p>\n\n\n\n<p><strong>Praktikkurs: 5 900: &#8211;<\/strong> : Under kick-off-dagen bokar vi datum f\u00f6r praktikdagarna (2,5 dagar, vanligtvis fredag till s\u00f6ndag). Det kommer kanske inte att vara helt l\u00e4tt att veta n\u00e4r du \u00e4r redo f\u00f6r praktiken, men det \u00e4r bra att boka in dessa dagar direkt, s\u00e5 att du har ett m\u00e5l att arbeta mot. S\u00e5 det b\u00e4sta \u00e4r att l\u00e4gga praktikdagarna max 7\u20139 m\u00e5nader efter kick-offen. Teorin l\u00e4ser du hemma och bastentan g\u00f6r du ocks\u00e5 hemma enligt instruktioner som du kommer att f\u00e5 i kursmanualen.<\/p>\n\n\n\n<p><em>F\u00f6r f\u00f6retag tillkommer moms.<\/em><em><\/em><\/p>\n\n\n\n<p>I utbildningen i bashypnos ligger betoningen p\u00e5 hypnosinduktioner; hur och varf\u00f6r hypnos fungerar, samt p\u00e5 suggestionsterapi. Inkluderat i materialet finns d\u00e4rf\u00f6r instruktioner och mallar f\u00f6r hur du kan handskas med olika problem som l\u00e5ter sig behandlas med suggestionsterapi. Detta kommer du att f\u00e5 \u00f6va p\u00e5 med de andra deltagarna under praktikdagarna. Praktikkursen \u00e4r obligatorisk f\u00f6r dig som vill jobba som hypnoterapeut.<\/p>\n\n\n\n<p><strong>Tentamen<\/strong><strong><\/strong><\/p>\n\n\n\n<p>Fr\u00e5gorna i baskursens tentamen \u00e4r mestadels baserad p\u00e5 kursmaterialet, men det kommer ocks\u00e5 att vara en bok som \u00e4r obligatorisk l\u00e4sning i baskursen. Utf\u00f6rlig information om tentamen och b\u00f6cker kommer du att f\u00e5 i kursmanualen.<\/p>\n\n\n\n<p><strong>Anm\u00e4lan<\/strong><strong><\/strong><\/p>\n\n\n\n<p>Du anm\u00e4ler dig till <a href=\"mailto:christine@melchert.se\">christine@melchert.se<\/a>. Du kan \u00e4ven mejla eller ringa om du har fr\u00e5gor ang\u00e5ende utbildningen. Telefon 073-345 96 33.<\/p>\n\n\n\n<p><strong>Sammanfattning av baskursen:<\/strong><\/p>\n\n\n\n<ul class=\"wp-block-list\">\n<li>Hypnoterapi \u2013 d\u00f6rren till det undermedvetna<\/li>\n\n\n\n<li>Myter och missf\u00f6rst\u00e5nd<\/li>\n\n\n\n<li>Experternas f\u00f6rs\u00f6k till definition<\/li>\n\n\n\n<li>Omsorgsplikten<\/li>\n\n\n\n<li>Hypnos och svensk lag<\/li>\n\n\n\n<li>F\u00f6rs\u00e4kringar<\/li>\n\n\n\n<li>Medvetande<\/li>\n\n\n\n<li>Olika tecken p\u00e5 hypnos<\/li>\n\n\n\n<li>Hypnos och andra hypnosliknande tillst\u00e5nd<\/li>\n\n\n\n<li>Sanningen om scenhypnos<\/li>\n\n\n\n<li>Experimentell hypnos<\/li>\n\n\n\n<li>Hypnoterapins historiska r\u00f6tter<\/li>\n\n\n\n<li>Modern forskning<\/li>\n\n\n\n<li>Det medvetna och det omedvetna jaget<\/li>\n\n\n\n<li>Hur sinnet fungerar<\/li>\n\n\n\n<li>Suggestioner<\/li>\n\n\n\n<li>Hypnosformeln<\/li>\n\n\n\n<li>Suggestibilitet och tester<\/li>\n\n\n\n<li>Vikten av hur man formulerar sig<\/li>\n\n\n\n<li>Terapeutens r\u00f6st<\/li>\n\n\n\n<li>Trancedjup<\/li>\n\n\n\n<li>Hypnosbevis<\/li>\n\n\n\n<li>Att f\u00f6rklara hypnos f\u00f6r klienten<\/li>\n\n\n\n<li>Vardagliga trance-upplevelser<\/li>\n\n\n\n<li>Vad \u00e4r en god terapeutisk atmosf\u00e4r?<\/li>\n\n\n\n<li>Sv\u00e5righeter \u2013 vilka och varf\u00f6r<\/li>\n\n\n\n<li>Induktioner och induktionens anatomi<\/li>\n\n\n\n<li>Milton Erickson<\/li>\n\n\n\n<li>Sj\u00e4lvbild<\/li>\n\n\n\n<li>Induktioner<\/li>\n\n\n\n<li>F\u00f6rdjupningstekniker<\/li>\n\n\n\n<li>Olika f\u00f6rdjupade f\u00f6rest\u00e4llningar<\/li>\n\n\n\n<li>Sj\u00e4lvhypnos<\/li>\n\n\n\n<li>Ericksonsk hypnoterapi<\/li>\n\n\n\n<li>Goda r\u00e5d till terapeuten<\/li>\n\n\n\n<li>Symptomsubstitution<\/li>\n\n\n\n<li>Suggestionsterapi<\/li>\n\n\n\n<li>Hypnos och olika typer av problematiska beroende och (o)vanor<\/li>\n\n\n\n<li>Sv\u00e5righeter med hypnosen \u2013 vilka och varf\u00f6r?<\/li>\n\n\n\n<li>Klienters r\u00e4dsla och skepticism<\/li>\n\n\n\n<li>Kommunikation med din klient<\/li>\n\n\n\n<li>Psykosomatiska sjukdomar ur en medicinsk synvinkel<\/li>\n\n\n\n<li>Stressens verkningar och stressorsakade fysiska och psykiska sjukdomar<\/li>\n\n\n\n<li>Hypnosinspelningar<\/li>\n\n\n\n<li>Healing, visualisering och hypnos<\/li>\n\n\n\n<li>\u00c4r hypnos farligt?<\/li>\n\n\n\n<li>Hypnos som ett tillst\u00e5nd eller ett icke-tillst\u00e5nd<\/li>\n\n\n\n<li>Olika teorier om hypnos<\/li>\n\n\n\n<li>En granskning av den allm\u00e4nna forskningen<\/li>\n\n\n\n<li>Riktlinjer f\u00f6r hypnoterapeuter och hypnoanalytiker<\/li>\n\n\n\n<li>Problemblottl\u00e4ggning och fantasiterapi<\/li>\n\n\n\n<li>Probleml\u00f6sning och frig\u00f6rande<\/li>\n\n\n\n<li>R\u00f6kning<\/li>\n\n\n\n<li>Alkoholism och andra drogberoenden<\/li>\n\n\n\n<li>\u00d6verviktiga med problem<\/li>\n\n\n\n<li>Funktionella problem<\/li>\n\n\n\n<li>R\u00e4dslor och fobier<\/li>\n\n\n\n<li>Andnings-hud- och hj\u00e4rtbesv\u00e4r<\/li>\n\n\n\n<li>H\u00f6gt blodtryck<\/li>\n\n\n\n<li>K\u00e4nslom\u00e4ssiga problem<\/li>\n\n\n\n<li>Omstrukturering<\/li>\n\n\n\n<li>Sexuella problem<\/li>\n\n\n\n<li>Sm\u00e4rta och lidande<\/li>\n\n\n\n<li>Hypnos och br\u00e4nnskador<\/li>\n\n\n\n<li>Graviditet<\/li>\n\n\n\n<li>Tentamens\u00e5ngest<\/li>\n\n\n\n<li>Minne och koncentration<\/li>\n\n\n\n<li>Kommunikation och sociala f\u00e4rdigheter<\/li>\n\n\n\n<li>Hypnos och sport<\/li>\n<\/ul>\n\n\n\n<p><\/p>\n","protected":false},"excerpt":{"rendered":"<p>Vad \u00e4r hypnos? Hypnos \u00e4r ett framkallat tillst\u00e5nd av avslappning, koncentration och inlevelse som omfattar b\u00e5de kropp och sinne. Det \u00e4r en f\u00f6rh\u00f6jd medvetenhet med en k\u00e4nsla av distans. Hypnos \u00e4r ett fullst\u00e4ndigt normalt, icke magiskt fenomen med f\u00f6ruts\u00e4gbara verkningar. En person i hypnos sover inte utan v\u00e4ljer bara att tempor\u00e4rt vara mer fokuserad p\u00e5 &hellip; <a href=\"https:\/\/christine.melchert.se\/web\/baskurs-hypnosterapi\/\" class=\"more-link\">Forts\u00e4tt l\u00e4sa <span class=\"screen-reader-text\">BASKURS &#8211; HYPNOTERAPEUT<\/span><\/a><\/p>\n","protected":false},"author":2,"featured_media":965,"parent":0,"menu_order":0,"comment_status":"closed","ping_status":"closed","template":"","meta":{"footnotes":""},"class_list":["post-1217","page","type-page","status-publish","has-post-thumbnail","hentry"],"_links":{"self":[{"href":"https:\/\/christine.melchert.se\/web\/wp-json\/wp\/v2\/pages\/1217","targetHints":{"allow":["GET"]}}],"collection":[{"href":"https:\/\/christine.melchert.se\/web\/wp-json\/wp\/v2\/pages"}],"about":[{"href":"https:\/\/christine.melchert.se\/web\/wp-json\/wp\/v2\/types\/page"}],"author":[{"embeddable":true,"href":"https:\/\/christine.melchert.se\/web\/wp-json\/wp\/v2\/users\/2"}],"replies":[{"embeddable":true,"href":"https:\/\/christine.melchert.se\/web\/wp-json\/wp\/v2\/comments?post=1217"}],"version-history":[{"count":12,"href":"https:\/\/christine.melchert.se\/web\/wp-json\/wp\/v2\/pages\/1217\/revisions"}],"predecessor-version":[{"id":1439,"href":"https:\/\/christine.melchert.se\/web\/wp-json\/wp\/v2\/pages\/1217\/revisions\/1439"}],"wp:featuredmedia":[{"embeddable":true,"href":"https:\/\/christine.melchert.se\/web\/wp-json\/wp\/v2\/media\/965"}],"wp:attachment":[{"href":"https:\/\/christine.melchert.se\/web\/wp-json\/wp\/v2\/media?parent=1217"}],"curies":[{"name":"wp","href":"https:\/\/api.w.org\/{rel}","templated":true}]}}