{"id":1304,"date":"2025-01-16T17:28:08","date_gmt":"2025-01-16T16:28:08","guid":{"rendered":"https:\/\/christine.melchert.se\/web\/?page_id=1304"},"modified":"2025-02-07T17:14:36","modified_gmt":"2025-02-07T16:14:36","slug":"forkunskaper-reiki-utbildning","status":"publish","type":"page","link":"https:\/\/christine.melchert.se\/web\/forkunskaper-reiki-utbildning\/","title":{"rendered":"F\u00f6rkunskaper Reiki-utbildning"},"content":{"rendered":"\n<p>Med anledning av att vi i Sverige inte har ett gemensamt kursmaterial f\u00f6r Usui Reiki, varierar Reiki-l\u00e4rarnas kurskvalit\u00e9t v\u00e4ldigt mycket. \u00c4nd\u00e5 har det varit kutym att ta emot elever som kan uppvisa diplom fr\u00e5n en annan l\u00e4rares Usui Reiki-kurser. <\/p>\n\n\n\n<p>Jag har dock erfarit att n\u00e4r jag har elever som g\u00e5r Reiki 2 eller 3A hos mig, men har g\u00e5tt f\u00f6reg\u00e5ende kurs(er) hos andra l\u00e4rare, har dessa elever <strong><u>inte haft adekvat kunskap<\/u><\/strong>. M\u00e5nga l\u00e4rare har v\u00e4ldigt kort utbildning och flera trycker dessutom ihop grundkursen med forts\u00e4ttningskursen p\u00e5 tv\u00e5 dagar, medan mina kurser ligger p\u00e5 2,5 dagar vardera (f\u00f6rutom masterutbildningen som \u00e4r 5 heldagar hos mig).<\/p>\n\n\n\n<p>D\u00e4rf\u00f6r kommer jag nu att \u00e4ndra mina regler f\u00f6r f\u00f6rkunskaper enligt f\u00f6ljande:<\/p>\n\n\n\n<p><strong>Reiki 1 Grundkurs:<\/strong> <em>F\u00f6rkunskaper<\/em>: Inga<\/p>\n\n\n\n<p><strong>Reiki 2 Forts\u00e4ttningskurs:<\/strong> <em>F\u00f6rkunskaper<\/em>: Om du kan uppvisa att du har g\u00e5tt minst en 2-dagars grundkurs i Usui Reiki, \u00e4r du v\u00e4lkommen att anm\u00e4la dig till min forts\u00e4ttningskurs. Men, om du d\u00e4remot har g\u00e5tt kortare tid, beh\u00f6ver du g\u00e5 grundkursen hos mig.<\/p>\n\n\n\n<p><strong>Reiki 3A Avancerad kurs:<\/strong> <em>F\u00f6rkunskaper<\/em>: Det \u00e4r obligatoriskt att ha g\u00e5tt Reiki 2 hos mig. <\/p>\n\n\n\n<p><strong>Reiki 3B Masterutbildning:<\/strong> <em>F\u00f6rkunskaper<\/em>: Det \u00e4r obligatoriskt att du har g\u00e5tt alla kurser fr\u00e5n grundkursen och upp\u00e5t hos mig. Du ska ju n\u00e4mligen sj\u00e4lv l\u00e4ra ut dessa kurser i din tur.<\/p>\n","protected":false},"excerpt":{"rendered":"<p>Med anledning av att vi i Sverige inte har ett gemensamt kursmaterial f\u00f6r Usui Reiki, varierar Reiki-l\u00e4rarnas kurskvalit\u00e9t v\u00e4ldigt mycket. \u00c4nd\u00e5 har det varit kutym att ta emot elever som kan uppvisa diplom fr\u00e5n en annan l\u00e4rares Usui Reiki-kurser. Jag har dock erfarit att n\u00e4r jag har elever som g\u00e5r Reiki 2 eller 3A hos &hellip; <a href=\"https:\/\/christine.melchert.se\/web\/forkunskaper-reiki-utbildning\/\" class=\"more-link\">Forts\u00e4tt l\u00e4sa <span class=\"screen-reader-text\">F\u00f6rkunskaper Reiki-utbildning<\/span><\/a><\/p>\n","protected":false},"author":2,"featured_media":1204,"parent":0,"menu_order":0,"comment_status":"closed","ping_status":"closed","template":"","meta":{"footnotes":""},"class_list":["post-1304","page","type-page","status-publish","has-post-thumbnail","hentry"],"_links":{"self":[{"href":"https:\/\/christine.melchert.se\/web\/wp-json\/wp\/v2\/pages\/1304","targetHints":{"allow":["GET"]}}],"collection":[{"href":"https:\/\/christine.melchert.se\/web\/wp-json\/wp\/v2\/pages"}],"about":[{"href":"https:\/\/christine.melchert.se\/web\/wp-json\/wp\/v2\/types\/page"}],"author":[{"embeddable":true,"href":"https:\/\/christine.melchert.se\/web\/wp-json\/wp\/v2\/users\/2"}],"replies":[{"embeddable":true,"href":"https:\/\/christine.melchert.se\/web\/wp-json\/wp\/v2\/comments?post=1304"}],"version-history":[{"count":4,"href":"https:\/\/christine.melchert.se\/web\/wp-json\/wp\/v2\/pages\/1304\/revisions"}],"predecessor-version":[{"id":1326,"href":"https:\/\/christine.melchert.se\/web\/wp-json\/wp\/v2\/pages\/1304\/revisions\/1326"}],"wp:featuredmedia":[{"embeddable":true,"href":"https:\/\/christine.melchert.se\/web\/wp-json\/wp\/v2\/media\/1204"}],"wp:attachment":[{"href":"https:\/\/christine.melchert.se\/web\/wp-json\/wp\/v2\/media?parent=1304"}],"curies":[{"name":"wp","href":"https:\/\/api.w.org\/{rel}","templated":true}]}}