{"id":164,"date":"2017-11-13T19:33:13","date_gmt":"2017-11-13T18:33:13","guid":{"rendered":"http:\/\/www.christine.melchert.se\/web\/?page_id=164"},"modified":"2026-03-31T14:40:27","modified_gmt":"2026-03-31T12:40:27","slug":"reiki-3a-avancerad-kurs","status":"publish","type":"page","link":"https:\/\/christine.melchert.se\/web\/reiki-3a-avancerad-kurs\/","title":{"rendered":"Reiki 3A &#8211; Avancerad kurs"},"content":{"rendered":"<p><strong>Avancerad Reiki \u2013 3A har utvecklats f\u00f6r de som vill g\u00e5 vidare i sin egen individuella utveckling, l\u00e4ra sig nya tekniker med Reiki och som vill utveckla sin healingf\u00f6rm\u00e5ga, men \u00e4nnu inte t\u00e4nker ta steget till Reiki Master (3B). <\/strong><\/p>\n<p><strong>L\u00e4s om f\u00f6rkunskaper\u00a0<a href=\"https:\/\/christine.melchert.se\/web\/forkunskaper-reiki-utbildning\/\" target=\"_blank\" rel=\"noopener\">h\u00e4r<\/a><\/strong><\/p>\n<p>I kursen ing\u00e5r Master-initieringen som \u00e4r mycket kraftfull som \u00f6kar din helande kraft och som \u00e4ven ger personlig utveckling. Vi diskuterar mer om Reikis ursprung, l\u00e4r oss m\u00e5nga nya Reiki-tekniker och tr\u00e4nar p\u00e5 att ge behandlingar till dig sj\u00e4lv och andra. Vi diskuterar ocks\u00e5 om k\u00e4nslom\u00e4ssigt gammalt bagage, f\u00f6rl\u00e5telse, relationer och r\u00e4dsla.<\/p>\n<p>I den h\u00e4r kursen kommer vi \u00e4ven att fokusera mer p\u00e5 dig sj\u00e4lv \u00e4n i tidigare kurser och vi kommer d\u00e4rf\u00f6r att arbeta med dina egna eventuella blockeringar och trauman, f\u00f6r att du ska kunna g\u00e5 vidare som en friare, helare m\u00e4nniska. Ju b\u00e4ttre du m\u00e5r, desto b\u00e4ttre blir din f\u00f6rm\u00e5ga att hj\u00e4lpa andra. D\u00e4rf\u00f6r ing\u00e5r det tre individuella sessioner om 90 minuter med mig, f\u00f6rutom kurshelgen. De individuella sessionerna kan med f\u00f6rdel bokas innan sj\u00e4lva kurshelgen och med tv\u00e5 veckors mellanrum.<\/p>\n<p>P\u00e5 denna kurs kommer vi ocks\u00e5 att g\u00f6ra tv\u00e5 meditationer som syftar till att du ska\u00a0f\u00e5 kontakt med din h\u00f6gsta Reiki-guide, som alltid \u00e4r med dig n\u00e4r du ger Reiki till dig sj\u00e4lv eller andra.<\/p>\n<p>Kursen \u00e4r p\u00e5 totalt 24,5 tim. och uppdelad enligt nedan:<\/p>\n<ul>\n<li>Hypnoanalys; tre individuella sessioner p\u00e5 1,5 tim.\/session<\/li>\n<li>Fredag: 15.00-18.30<\/li>\n<li>L\u00f6rdag: 09.00-17.30<\/li>\n<li>S\u00f6ndag: 09.00-17.00<\/li>\n<\/ul>\n<p>Detta ing\u00e5r i kursen:<\/p>\n<ul>\n<li>Reikis ursprung<\/li>\n<li>Repetition av de tre symbolerna fr\u00e5n Reiki 2<\/li>\n<li>Reiji-Ho: teknik f\u00f6r att anv\u00e4nda sin intuition<\/li>\n<li>Byosen: hitta och arbeta med problemomr\u00e5den<\/li>\n<li>Hanshin Koketsu-Ho: grundande och frig\u00f6rande teknik<\/li>\n<li>Kenyoku: torrbad<\/li>\n<li>Jacki-kiri Joka-Ho: transformera negativ energi<\/li>\n<li>Reiju: Master-initieringar (2)<\/li>\n<li>Master-symbolen som bl.a. \u00f6kar effektiviteten av Reiki 2-symbolerna<\/li>\n<li>Diskussioner och egna reflektioner \u00f6ver k\u00e4nslom\u00e4ssigt bagage, f\u00f6rl\u00e5telse, relationer och r\u00e4dsla<\/li>\n<li>Gassho Meiso: f\u00f6r att \u00f6ka din energi och f\u00f6rs\u00e4tta dig i ett meditativt tillst\u00e5nd<\/li>\n<li>Joshin Kokyuu-Ho: andnings\u00f6vning f\u00f6r att rena anden<\/li>\n<li>Seiheki Chiryo: f\u00f6r att behandla vanor<\/li>\n<li>Koki-Ho: f\u00f6r att f\u00f6rmedla healing via andningen<\/li>\n<li>Gyoshi-Ho: f\u00f6r att f\u00f6rmedla healing via \u00f6gonen<\/li>\n<li>\u00d6vning med symbolerna f\u00f6r att manifestera m\u00e5l<\/li>\n<li>Meditationer f\u00f6r att m\u00f6ta din(a) Reiki-guide(r)<\/li>\n<li>Chakra-meditation<\/li>\n<li>Ladda kristaller med Reiki<\/li>\n<li>En bergkristall<\/li>\n<li>Reiki-r\u00f6relsemeditation<\/li>\n<li><strong>BONUS!<\/strong> Flera inspelningar med \u00f6vningar och meditationer fr\u00e5n kursen<\/li>\n<li>Diskussion och egna reflektioner att hitta sitt eget syfte<\/li>\n<li>Symboltest<\/li>\n<li>Reiki Mawashi: ge och ta emot Reiki sittandes i cirkel<\/li>\n<li>Utbildningsmaterial<\/li>\n<li>Tre (3) individuella 90-minuters sessioner<\/li>\n<li>Diplom<\/li>\n<li>F\u00f6r- och eftermiddags m\u00e5l<\/li>\n<\/ul>\n<p>Jag har en Facebook-grupp f\u00f6r alla mina kursdeltagare d\u00e4r man har m\u00f6jlighet att diskutera och att f\u00e5 st\u00e4lla fr\u00e5gor om Reiki, samt f\u00e5 kontakt med m\u00e5nga andra Reiki-ut\u00f6vare. Jag har ocks\u00e5 Reiki-tr\u00e4ffar n\u00e5gra g\u00e5nger om \u00e5ret d\u00e4r alla mina elever \u00e4r v\u00e4lkomna f\u00f6r samvaro och Reiki-utbyte. En perfekt plattform f\u00f6r att h\u00e5lla ig\u00e5ng sin Reiki \u00e4ven efter kursen!<\/p>\n<p><b>F\u00f6r aktuellt pris, se priser i menyn. Notera att f<strong>\u00f6r f\u00f6retag tillkommer moms.<\/strong><\/b><\/p>\n<p>I videon nedan ber\u00e4ttar jag lite om denna utbildning och om Reiki-guider:<\/p>\n\n\n<figure class=\"wp-block-embed is-type-video is-provider-youtube wp-block-embed-youtube wp-embed-aspect-16-9 wp-has-aspect-ratio\"><div class=\"wp-block-embed__wrapper\">\n<iframe loading=\"lazy\" title=\"Christine Melchert - Avancerad Reiki-kurs &amp; Reiki-guider\" width=\"660\" height=\"371\" src=\"https:\/\/www.youtube.com\/embed\/4ErisgSJaAw?feature=oembed\" frameborder=\"0\" allow=\"accelerometer; autoplay; clipboard-write; encrypted-media; gyroscope; picture-in-picture; web-share\" referrerpolicy=\"strict-origin-when-cross-origin\" allowfullscreen><\/iframe>\n<\/div><\/figure>\n","protected":false},"excerpt":{"rendered":"<p>Avancerad Reiki \u2013 3A har utvecklats f\u00f6r de som vill g\u00e5 vidare i sin egen individuella utveckling, l\u00e4ra sig nya tekniker med Reiki och som vill utveckla sin healingf\u00f6rm\u00e5ga, men \u00e4nnu inte t\u00e4nker ta steget till Reiki Master (3B). L\u00e4s om f\u00f6rkunskaper\u00a0h\u00e4r I kursen ing\u00e5r Master-initieringen som \u00e4r mycket kraftfull som \u00f6kar din helande kraft &hellip; <a href=\"https:\/\/christine.melchert.se\/web\/reiki-3a-avancerad-kurs\/\" class=\"more-link\">Forts\u00e4tt l\u00e4sa <span class=\"screen-reader-text\">Reiki 3A &#8211; Avancerad kurs<\/span><\/a><\/p>\n","protected":false},"author":2,"featured_media":685,"parent":0,"menu_order":0,"comment_status":"closed","ping_status":"closed","template":"","meta":{"footnotes":""},"class_list":["post-164","page","type-page","status-publish","has-post-thumbnail","hentry"],"_links":{"self":[{"href":"https:\/\/christine.melchert.se\/web\/wp-json\/wp\/v2\/pages\/164","targetHints":{"allow":["GET"]}}],"collection":[{"href":"https:\/\/christine.melchert.se\/web\/wp-json\/wp\/v2\/pages"}],"about":[{"href":"https:\/\/christine.melchert.se\/web\/wp-json\/wp\/v2\/types\/page"}],"author":[{"embeddable":true,"href":"https:\/\/christine.melchert.se\/web\/wp-json\/wp\/v2\/users\/2"}],"replies":[{"embeddable":true,"href":"https:\/\/christine.melchert.se\/web\/wp-json\/wp\/v2\/comments?post=164"}],"version-history":[{"count":27,"href":"https:\/\/christine.melchert.se\/web\/wp-json\/wp\/v2\/pages\/164\/revisions"}],"predecessor-version":[{"id":1457,"href":"https:\/\/christine.melchert.se\/web\/wp-json\/wp\/v2\/pages\/164\/revisions\/1457"}],"wp:featuredmedia":[{"embeddable":true,"href":"https:\/\/christine.melchert.se\/web\/wp-json\/wp\/v2\/media\/685"}],"wp:attachment":[{"href":"https:\/\/christine.melchert.se\/web\/wp-json\/wp\/v2\/media?parent=164"}],"curies":[{"name":"wp","href":"https:\/\/api.w.org\/{rel}","templated":true}]}}