{"id":167,"date":"2017-11-13T19:39:41","date_gmt":"2017-11-13T18:39:41","guid":{"rendered":"http:\/\/www.christine.melchert.se\/web\/?page_id=167"},"modified":"2026-01-02T15:56:56","modified_gmt":"2026-01-02T14:56:56","slug":"reiki-masterutbildning","status":"publish","type":"page","link":"https:\/\/christine.melchert.se\/web\/reiki-masterutbildning\/","title":{"rendered":"Reiki-Masterutbildning"},"content":{"rendered":"<p><strong>Denna utbildning ger dig Mastergraden i Usuis system f\u00f6r naturlig healing, vilket inneb\u00e4r att du sj\u00e4lv kommer att kunna h\u00e5lla i utbildning fr\u00e5n f\u00f6rsta graden till masterutbildningen. Du kommer att f\u00e5 f\u00f6rm\u00e5gan att l\u00e4ra ut Reiki och att kunna \u00f6verf\u00f6ra f\u00f6rm\u00e5gan att kanalisera Reiki till andra m\u00e4nniskor.<\/strong><\/p>\n<p>Att bli Reiki-master kr\u00e4ver att du \u00e4r v\u00e4l f\u00f6rtrogen med Reiki och har praktiserat under en l\u00e5ng tid, s\u00e5 att du k\u00e4nner dig s\u00e4ker i ditt Reiki-ut\u00f6vande och \u00e4r mogen att f\u00f6rmedla Reiki-f\u00f6rm\u00e5gan vidare.<\/p>\n<p>Att vara l\u00e4rare i Reiki inneb\u00e4r ett stort ansvar och det \u00e4r mycket av b\u00e5de teori och praktik att ta in, s\u00e5 jag har valt att l\u00e4gga denna utbildning p\u00e5 5 heldagar (09.00-17.00). Vi delar upp dessa dagar under en period av 2-3 m\u00e5nader beroende p\u00e5 elevernas \u00f6nskem\u00e5l.<\/p>\n<p>D\u00e4rut\u00f6ver ger jag dig som utbildat dig till Reiki-master hos mig, m\u00f6jlighet att, i m\u00e5n av plats, delta gratis p\u00e5 mina andra Reiki-utbildningar, f\u00f6r att du verkligen skall k\u00e4nna dig trygg i din nya roll som l\u00e4rare. Dessutom finns jag h\u00e4r f\u00f6r fortsatt st\u00f6d under din resa som Reiki-Master. Vi har en Messenger-grupp och en Facebook-grupp enbart f\u00f6r er som utbildat er till master hos mig. Genom dessa har vi en bra plattform f\u00f6r fr\u00e5gor och dialog.<\/p>\n<p>Under denna utbildning kommer vi att repetera Reiki-tekniker och \u00f6vningar fr\u00e5n Reiki 1, 2 och 3A och b\u00e5de ge och f\u00e5 Reiki-behandlingar. Syftet med detta \u00e4r att du sj\u00e4lv ska kunna l\u00e4ra ut detta till andra, men r\u00e4kna \u00e4nd\u00e5 med att \u00e4ven denna utbildning kommer att s\u00e4tta ig\u00e5ng dina egna inre processer f\u00f6r fysiskt, mentalt, k\u00e4nslom\u00e4ssigt och sj\u00e4lsligt helande.<\/p>\n<p><strong>L\u00e4s om f\u00f6rkunskaper\u00a0<a href=\"https:\/\/christine.melchert.se\/web\/forkunskaper-reiki-utbildning\/\" target=\"_blank\" rel=\"noopener\">h\u00e4r<\/a><\/strong><\/p>\n<p><strong>F\u00f6rberedelser:<\/strong><\/p>\n<p>Innan diplomering skall du l\u00e4mna in 15 dokumenterade behandlingar p\u00e5 andra personer, 5 egen-behandlingar och 10 distans-behandlingar. Du f\u00e5r g\u00e4rna b\u00f6rja dokumentera dina behandlingar innan kursstart s\u00e5 att du hinner med alla i lugn och ro. Jag har dokumentation f\u00f6r detta som du kan f\u00e5 om du vill och vi kan prata igenom det innan du b\u00f6rjar.<\/p>\n<p>Detta kr\u00e4vs f\u00f6r att jag ska se att du har tillr\u00e4cklig erfarenhet av att ha ut\u00f6vat Reiki b\u00e5de p\u00e5 dig sj\u00e4lv och andra. Dokumentationen \u00f6ver dina klienter ska vara anonym till mig och du anger inga namn utan endast man\/kvinna, \u00e5lder och din och klientens upplevelse av behandlingen.<\/p>\n<p><strong>Detta ing\u00e5r i kursen:<\/strong><\/p>\n<ul>\n<li>5 kursdagar p\u00e5 8 timmar vardera*<\/li>\n<li>Kursmanualer\u00a0Reiki 1, 2 och 3A\u00a0(elektroniskt)<\/li>\n<li>Repetition av Reiki 1, 2 och 3A, med tillh\u00f6rande Reiki-tekniker och \u00f6vningar<\/li>\n<li>Instruktioner och praktik f\u00f6r initierings-procedurerna f\u00f6r alla grader i Usuis System<\/li>\n<li>Samtal om hur man upptr\u00e4der som\u00a0Reiki-master och hur man bem\u00f6ter sina elever (bl.a. v\u00e5rdande samtal och tystnadsplikt)<\/li>\n<li>Samtal om att hitta sin egen stil som Reiki-Master, hur man utformar sina kurser<\/li>\n<li>F\u00f6r- och eftermiddagsfika<\/li>\n<li>Diplom<\/li>\n<\/ul>\n<p>Pris: 9500: &#8211; SEK\/deltagare &#8211; <em><strong>F\u00f6r f\u00f6retag tillkommer moms<\/strong><\/em>.<\/p>\n<p><em>Vid privat undervisning, dvs. en enda deltagare, g\u00e4ller samma pris, men vi drar ner p\u00e5 antal kurstimmar ist\u00e4llet.<\/em><\/p>\n<p>Priset g\u00e4ller till 2026-06-30<\/p>\n","protected":false},"excerpt":{"rendered":"<p>Denna utbildning ger dig Mastergraden i Usuis system f\u00f6r naturlig healing, vilket inneb\u00e4r att du sj\u00e4lv kommer att kunna h\u00e5lla i utbildning fr\u00e5n f\u00f6rsta graden till masterutbildningen. Du kommer att f\u00e5 f\u00f6rm\u00e5gan att l\u00e4ra ut Reiki och att kunna \u00f6verf\u00f6ra f\u00f6rm\u00e5gan att kanalisera Reiki till andra m\u00e4nniskor. Att bli Reiki-master kr\u00e4ver att du \u00e4r v\u00e4l &hellip; <a href=\"https:\/\/christine.melchert.se\/web\/reiki-masterutbildning\/\" class=\"more-link\">Forts\u00e4tt l\u00e4sa <span class=\"screen-reader-text\">Reiki-Masterutbildning<\/span><\/a><\/p>\n","protected":false},"author":2,"featured_media":1205,"parent":0,"menu_order":0,"comment_status":"closed","ping_status":"closed","template":"","meta":{"footnotes":""},"class_list":["post-167","page","type-page","status-publish","has-post-thumbnail","hentry"],"_links":{"self":[{"href":"https:\/\/christine.melchert.se\/web\/wp-json\/wp\/v2\/pages\/167","targetHints":{"allow":["GET"]}}],"collection":[{"href":"https:\/\/christine.melchert.se\/web\/wp-json\/wp\/v2\/pages"}],"about":[{"href":"https:\/\/christine.melchert.se\/web\/wp-json\/wp\/v2\/types\/page"}],"author":[{"embeddable":true,"href":"https:\/\/christine.melchert.se\/web\/wp-json\/wp\/v2\/users\/2"}],"replies":[{"embeddable":true,"href":"https:\/\/christine.melchert.se\/web\/wp-json\/wp\/v2\/comments?post=167"}],"version-history":[{"count":12,"href":"https:\/\/christine.melchert.se\/web\/wp-json\/wp\/v2\/pages\/167\/revisions"}],"predecessor-version":[{"id":1429,"href":"https:\/\/christine.melchert.se\/web\/wp-json\/wp\/v2\/pages\/167\/revisions\/1429"}],"wp:featuredmedia":[{"embeddable":true,"href":"https:\/\/christine.melchert.se\/web\/wp-json\/wp\/v2\/media\/1205"}],"wp:attachment":[{"href":"https:\/\/christine.melchert.se\/web\/wp-json\/wp\/v2\/media?parent=167"}],"curies":[{"name":"wp","href":"https:\/\/api.w.org\/{rel}","templated":true}]}}