{"id":22,"date":"2017-11-07T11:00:48","date_gmt":"2017-11-07T10:00:48","guid":{"rendered":"http:\/\/www.christine.melchert.se\/web\/?page_id=22"},"modified":"2024-08-29T15:54:55","modified_gmt":"2024-08-29T13:54:55","slug":"kontakt","status":"publish","type":"page","link":"https:\/\/christine.melchert.se\/web\/kontakt\/","title":{"rendered":"KONTAKT"},"content":{"rendered":"<p style=\"text-align: left;\"><strong>Bes\u00f6ksadress:<\/strong><br \/>\nDrottninggatan 20<br \/>\n602 24 Norrk\u00f6ping<\/p>\n<p style=\"text-align: left;\"><strong>Postadress:<\/strong><br \/>\nDrottninggatan 18<br \/>\n602 24 Norrk\u00f6ping<\/p>\n<p style=\"text-align: left;\"><strong>E-post &amp; telefon:<\/strong><br \/>\nchristine@melchert.se<br \/>\n073-345 96 33<\/p>\n<p><strong>Yoga<\/strong> p\u00e5 Hemg\u00e5rden, Salt\u00e4ngsgatan 7, Norrk\u00f6ping<\/p>\n<p style=\"text-align: left;\"><a href=\"https:\/\/www.facebook.com\/christinemelchertab\/\" target=\"_blank\" rel=\"noopener noreferrer\">Facebook Christine Melchert AB<\/a><\/p>\n<p style=\"text-align: left;\"><strong>Betalning: <\/strong>Swish, Bankgiro eller faktura. Ej kontant.<\/p>\n<p>&nbsp;<\/p>\n","protected":false},"excerpt":{"rendered":"<p>Bes\u00f6ksadress: Drottninggatan 20 602 24 Norrk\u00f6ping Postadress: Drottninggatan 18 602 24 Norrk\u00f6ping E-post &amp; telefon: christine@melchert.se 073-345 96 33 Yoga p\u00e5 Hemg\u00e5rden, Salt\u00e4ngsgatan 7, Norrk\u00f6ping Facebook Christine Melchert AB Betalning: Swish, Bankgiro eller faktura. Ej kontant. &nbsp;<\/p>\n","protected":false},"author":2,"featured_media":1294,"parent":0,"menu_order":0,"comment_status":"closed","ping_status":"closed","template":"","meta":{"footnotes":""},"class_list":["post-22","page","type-page","status-publish","has-post-thumbnail","hentry"],"_links":{"self":[{"href":"https:\/\/christine.melchert.se\/web\/wp-json\/wp\/v2\/pages\/22","targetHints":{"allow":["GET"]}}],"collection":[{"href":"https:\/\/christine.melchert.se\/web\/wp-json\/wp\/v2\/pages"}],"about":[{"href":"https:\/\/christine.melchert.se\/web\/wp-json\/wp\/v2\/types\/page"}],"author":[{"embeddable":true,"href":"https:\/\/christine.melchert.se\/web\/wp-json\/wp\/v2\/users\/2"}],"replies":[{"embeddable":true,"href":"https:\/\/christine.melchert.se\/web\/wp-json\/wp\/v2\/comments?post=22"}],"version-history":[{"count":10,"href":"https:\/\/christine.melchert.se\/web\/wp-json\/wp\/v2\/pages\/22\/revisions"}],"predecessor-version":[{"id":1295,"href":"https:\/\/christine.melchert.se\/web\/wp-json\/wp\/v2\/pages\/22\/revisions\/1295"}],"wp:featuredmedia":[{"embeddable":true,"href":"https:\/\/christine.melchert.se\/web\/wp-json\/wp\/v2\/media\/1294"}],"wp:attachment":[{"href":"https:\/\/christine.melchert.se\/web\/wp-json\/wp\/v2\/media?parent=22"}],"curies":[{"name":"wp","href":"https:\/\/api.w.org\/{rel}","templated":true}]}}