{"id":256,"date":"2017-11-20T11:01:03","date_gmt":"2017-11-20T10:01:03","guid":{"rendered":"http:\/\/www.christine.melchert.se\/web\/?page_id=256"},"modified":"2026-01-02T15:37:39","modified_gmt":"2026-01-02T14:37:39","slug":"priser","status":"publish","type":"page","link":"https:\/\/christine.melchert.se\/web\/priser\/","title":{"rendered":"PRISER 2026"},"content":{"rendered":"<p><strong>NOTERA: <\/strong><strong>F\u00f6r f\u00f6retag tillkommer moms, s\u00e5 priserna nedan \u00e4r inklusive moms f\u00f6r privatpersoner och exklusive moms f\u00f6r f\u00f6retag.<\/strong><\/p>\n<p><strong>HYPNOANALYS<\/strong><\/p>\n<ul>\n<li>1 Tim 15 min\u00a0\u00a0\u00a0\u00a0\u00a0\u00a0\u00a0\u00a0\u00a0\u00a0\u00a0\u00a0\u00a0\u00a0\u00a0\u00a0\u00a0\u00a0\u00a0\u00a0\u00a0\u00a0\u00a0\u00a0\u00a0 880: &#8211;<\/li>\n<li>1 Tim 30 min\u00a0 \u00a0 \u00a0 \u00a0 \u00a0 \u00a0 \u00a0 \u00a0 \u00a0 \u00a0 \u00a0 \u00a0 1000:-<\/li>\n<li>2 Tim\u00a0 \u00a0 \u00a0 \u00a0 \u00a0 \u00a0 \u00a0 \u00a0 \u00a0 \u00a0 \u00a0 \u00a0 \u00a0 \u00a0 \u00a0 \u00a0 \u00a0 \u00a0 \u00a0 1340: &#8211;<\/li>\n<\/ul>\n<p><strong>SAMTALSTERAPI<\/strong><\/p>\n<ul>\n<li>1 Tim\u00a0 \u00a0 \u00a0 \u00a0 \u00a0 \u00a0 \u00a0 \u00a0 \u00a0 \u00a0 \u00a0 \u00a0 \u00a0 \u00a0 \u00a0 \u00a0 \u00a0 \u00a0 \u00a0 \u00a0740: &#8211;<\/li>\n<li>1 Tim 15 min\u00a0 \u00a0 \u00a0 \u00a0 \u00a0 \u00a0 \u00a0 \u00a0 \u00a0 \u00a0 \u00a0 \u00a0 \u00a0 880: &#8211;<\/li>\n<li>1 Tim 30 min\u00a0 \u00a0 \u00a0 \u00a0 \u00a0 \u00a0 \u00a0 \u00a0 \u00a0 \u00a0 \u00a0 \u00a0 1000: &#8211;<\/li>\n<li>2 Tim\u00a0 \u00a0 \u00a0 \u00a0 \u00a0 \u00a0 \u00a0 \u00a0 \u00a0 \u00a0 \u00a0 \u00a0 \u00a0 \u00a0 \u00a0 \u00a0 \u00a0 \u00a0 \u00a0 1340: &#8211;<\/li>\n<\/ul>\n<p><strong>TIDIGARE-LIV-TERAPI<\/strong><\/p>\n<ul>\n<li>1 Tim 30 min\u00a0 \u00a0 \u00a0 \u00a0 \u00a0 \u00a0 \u00a0 \u00a0 \u00a0 \u00a0 \u00a0 \u00a0 \u00a0 1000: &#8211;<\/li>\n<li>2 Tim\u00a0 \u00a0 \u00a0 \u00a0 \u00a0 \u00a0 \u00a0 \u00a0 \u00a0 \u00a0 \u00a0 \u00a0 \u00a0 \u00a0 \u00a0 \u00a0 \u00a0 \u00a0 \u00a0 \u00a0 1340: &#8211;<\/li>\n<\/ul>\n<p><strong>REIKI- SESSION<\/strong><\/p>\n<ul>\n<li>30 min\u00a0 \u00a0 \u00a0 \u00a0 \u00a0 \u00a0 \u00a0 \u00a0 \u00a0 \u00a0 \u00a0 \u00a0 \u00a0 \u00a0 \u00a0 \u00a0 \u00a0 \u00a0 \u00a0400: &#8211; (Distans-session)<\/li>\n<li>45 min\u00a0 \u00a0 \u00a0 \u00a0 \u00a0 \u00a0 \u00a0 \u00a0 \u00a0 \u00a0 \u00a0 \u00a0 \u00a0 \u00a0 \u00a0 \u00a0 \u00a0 \u00a0 \u00a0585: &#8211; (Distans-session)<\/li>\n<li>1 Tim\u00a0 \u00a0 \u00a0 \u00a0 \u00a0 \u00a0 \u00a0 \u00a0 \u00a0 \u00a0 \u00a0 \u00a0 \u00a0 \u00a0 \u00a0 \u00a0 \u00a0 \u00a0 \u00a0 \u00a0740: &#8211;<\/li>\n<li>1 Tim 15 min\u00a0 \u00a0 \u00a0 \u00a0 \u00a0 \u00a0 \u00a0 \u00a0 \u00a0 \u00a0 \u00a0 \u00a0 \u00a0 880: &#8211;<\/li>\n<li>1 Tim 30 min\u00a0 \u00a0 \u00a0 \u00a0 \u00a0 \u00a0 \u00a0 \u00a0 \u00a0 \u00a0 \u00a0 \u00a0 1000: &#8211;<\/li>\n<\/ul>\n<p><strong>REIKI- UTBILDNING<\/strong><\/p>\n<ul>\n<li>\u00a0Grundkurs\u00a0 \u00a0 \u00a0 \u00a0 \u00a0 \u00a0 \u00a0 \u00a0 \u00a0 \u00a0 \u00a0 \u00a0 \u00a0 \u00a0 3600: &#8211;<\/li>\n<li>\u00a0Forts\u00e4ttningskurs\u00a0 \u00a0 \u00a0 \u00a0 \u00a0 \u00a0 \u00a0 \u00a0 3600: &#8211;<\/li>\n<li>\u00a0Avancerad (3A\/ART)\u00a0 \u00a0 \u00a0 \u00a0 \u00a0 \u00a0 5750: &#8211;<\/li>\n<li>\u00a0Masterutbildning\u00a0 \u00a0 \u00a0 \u00a0 \u00a0 \u00a0 \u00a0 \u00a0 \u00a09500: &#8211;<\/li>\n<li>\u00a0Professionell\u00a0 \u00a0 \u00a0 \u00a0 \u00a0 \u00a0 \u00a0 \u00a0 \u00a0 \u00a0 \u00a0 \u00a0 \u00a01800: &#8211;<\/li>\n<\/ul>\n<p><strong>HYPNOTERAPIUTBILDNING<\/strong><\/p>\n<p>V\u00e4nligen bes\u00f6k f\u00f6ljande sida f\u00f6r aktuella priser g\u00e4llande hypnoterapiutbildning:<\/p>\n<p><a href=\"https:\/\/christine.melchert.se\/web\/hypnosterapi-utbildning\/\">https:\/\/christine.melchert.se\/web\/hypnosterapi-utbildning\/<\/a><\/p>\n<p><strong>YOGA<\/strong><\/p>\n<ul>\n<li>Hel termin (18 sammanh\u00e4ngande ggr)\u00a0\u00a0\u00a0\u00a0\u00a0\u00a0\u00a0\u00a0\u00a0\u00a0\u00a0\u00a0\u00a0\u00a0 2650: &#8211;<\/li>\n<li>Halv termin (9 sammanh\u00e4ngande ggr)\u00a0\u00a0\u00a0\u00a0\u00a0\u00a0\u00a0\u00a0\u00a0\u00a0\u00a0\u00a0\u00a0\u00a0\u00a01500: &#8211;<\/li>\n<li>1 g\u00e5ng 60 min\u00a0 \u00a0 \u00a0 \u00a0 \u00a0 \u00a0 \u00a0 \u00a0 \u00a0 \u00a0 \u00a0 \u00a0 \u00a0 \u00a0 \u00a0 \u00a0 \u00a0 \u00a0 \u00a0 \u00a0 \u00a0 \u00a0 \u00a0 \u00a0 \u00a0 \u00a0 \u00a0 \u00a0 \u00a0 \u00a0 \u00a0 220: &#8211;<\/li>\n<li>Yoga Workshop 3,5 tim\u00a0 \u00a0 \u00a0 \u00a0 \u00a0 \u00a0 \u00a0 \u00a0 \u00a0 \u00a0 \u00a0 \u00a0 \u00a0 \u00a0 \u00a0 \u00a0 \u00a0 \u00a0 \u00a0 \u00a0 \u00a0 \u00a0 \u00a0 595: &#8211;<\/li>\n<li>Yoga Workshop 2 tim\u00a0 \u00a0 \u00a0 \u00a0 \u00a0 \u00a0 \u00a0 \u00a0 \u00a0 \u00a0 \u00a0 \u00a0 \u00a0 \u00a0 \u00a0 \u00a0 \u00a0 \u00a0 \u00a0 \u00a0 \u00a0 \u00a0 \u00a0 \u00a0 \u00a0395: &#8211;<\/li>\n<\/ul>\n<p><strong><em>PRISERNA G\u00c4LLER TILL OCH MED 2026-06-30<\/em><\/strong><\/p>\n","protected":false},"excerpt":{"rendered":"<p>NOTERA: F\u00f6r f\u00f6retag tillkommer moms, s\u00e5 priserna nedan \u00e4r inklusive moms f\u00f6r privatpersoner och exklusive moms f\u00f6r f\u00f6retag. HYPNOANALYS 1 Tim 15 min\u00a0\u00a0\u00a0\u00a0\u00a0\u00a0\u00a0\u00a0\u00a0\u00a0\u00a0\u00a0\u00a0\u00a0\u00a0\u00a0\u00a0\u00a0\u00a0\u00a0\u00a0\u00a0\u00a0\u00a0\u00a0 880: &#8211; 1 Tim 30 min\u00a0 \u00a0 \u00a0 \u00a0 \u00a0 \u00a0 \u00a0 \u00a0 \u00a0 \u00a0 \u00a0 \u00a0 1000:- 2 Tim\u00a0 \u00a0 \u00a0 \u00a0 \u00a0 \u00a0 \u00a0 \u00a0 \u00a0 \u00a0 \u00a0 \u00a0 \u00a0 &hellip; <a href=\"https:\/\/christine.melchert.se\/web\/priser\/\" class=\"more-link\">Forts\u00e4tt l\u00e4sa <span class=\"screen-reader-text\">PRISER 2026<\/span><\/a><\/p>\n","protected":false},"author":2,"featured_media":841,"parent":0,"menu_order":0,"comment_status":"closed","ping_status":"closed","template":"","meta":{"footnotes":""},"class_list":["post-256","page","type-page","status-publish","has-post-thumbnail","hentry"],"_links":{"self":[{"href":"https:\/\/christine.melchert.se\/web\/wp-json\/wp\/v2\/pages\/256","targetHints":{"allow":["GET"]}}],"collection":[{"href":"https:\/\/christine.melchert.se\/web\/wp-json\/wp\/v2\/pages"}],"about":[{"href":"https:\/\/christine.melchert.se\/web\/wp-json\/wp\/v2\/types\/page"}],"author":[{"embeddable":true,"href":"https:\/\/christine.melchert.se\/web\/wp-json\/wp\/v2\/users\/2"}],"replies":[{"embeddable":true,"href":"https:\/\/christine.melchert.se\/web\/wp-json\/wp\/v2\/comments?post=256"}],"version-history":[{"count":39,"href":"https:\/\/christine.melchert.se\/web\/wp-json\/wp\/v2\/pages\/256\/revisions"}],"predecessor-version":[{"id":1421,"href":"https:\/\/christine.melchert.se\/web\/wp-json\/wp\/v2\/pages\/256\/revisions\/1421"}],"wp:featuredmedia":[{"embeddable":true,"href":"https:\/\/christine.melchert.se\/web\/wp-json\/wp\/v2\/media\/841"}],"wp:attachment":[{"href":"https:\/\/christine.melchert.se\/web\/wp-json\/wp\/v2\/media?parent=256"}],"curies":[{"name":"wp","href":"https:\/\/api.w.org\/{rel}","templated":true}]}}