{"id":30,"date":"2017-11-07T12:04:59","date_gmt":"2017-11-07T11:04:59","guid":{"rendered":"http:\/\/www.christine.melchert.se\/web\/?page_id=30"},"modified":"2026-01-02T15:58:30","modified_gmt":"2026-01-02T14:58:30","slug":"reiki-1-grundkurs","status":"publish","type":"page","link":"https:\/\/christine.melchert.se\/web\/reiki-1-grundkurs\/","title":{"rendered":"Reiki 1 &#8211; Grundkurs"},"content":{"rendered":"<p>Grundkursen i Reiki \u00e4r till f\u00f6r dig som sj\u00e4lv vill bli Reiki-ut\u00f6vare och syftar till att kunna ge b\u00e5de dig sj\u00e4lv och andra Reiki (Universell livsenergi) genom handp\u00e5l\u00e4ggning. Kursen ger dig f\u00f6rm\u00e5gan att \u00f6verf\u00f6ra Reikienergi med hj\u00e4lp av dina h\u00e4nder och energin kan f\u00f6rmedlas som sagt till b\u00e5de dig sj\u00e4lv och andra m\u00e4nniskor, men \u00e4ven till djur, v\u00e4xter och mat.<\/p>\n<p><a href=\"https:\/\/christine.melchert.se\/web\/wp-content\/uploads\/2022\/06\/20220616_162342-scaled-e1655490661141.jpg\"><img loading=\"lazy\" decoding=\"async\" class=\"alignnone size-medium wp-image-966\" src=\"https:\/\/christine.melchert.se\/web\/wp-content\/uploads\/2022\/06\/20220616_162342-scaled-e1655490661141-272x300.jpg\" alt=\"\" width=\"272\" height=\"300\" srcset=\"https:\/\/christine.melchert.se\/web\/wp-content\/uploads\/2022\/06\/20220616_162342-scaled-e1655490661141-272x300.jpg 272w, https:\/\/christine.melchert.se\/web\/wp-content\/uploads\/2022\/06\/20220616_162342-scaled-e1655490661141-928x1024.jpg 928w, https:\/\/christine.melchert.se\/web\/wp-content\/uploads\/2022\/06\/20220616_162342-scaled-e1655490661141-768x847.jpg 768w, https:\/\/christine.melchert.se\/web\/wp-content\/uploads\/2022\/06\/20220616_162342-scaled-e1655490661141-1392x1536.jpg 1392w, https:\/\/christine.melchert.se\/web\/wp-content\/uploads\/2022\/06\/20220616_162342-scaled-e1655490661141-1857x2048.jpg 1857w, https:\/\/christine.melchert.se\/web\/wp-content\/uploads\/2022\/06\/20220616_162342-scaled-e1655490661141.jpg 1920w\" sizes=\"auto, (max-width: 272px) 100vw, 272px\" \/><\/a><\/p>\n<p>Till skillnad fr\u00e5n m\u00e5nga andra healingtekniker, tar du inte av din egen energi n\u00e4r du ger n\u00e5gon annan Reiki, utan du tar det direkt fr\u00e5n den universella Reiki-k\u00e4llan (allt i och runtomkring oss \u00e4r ju energi av olika slag). Det inneb\u00e4r att n\u00e4r du v\u00e4l g\u00e5tt grundkursen och f\u00e5tt Reiki-kanalen aktiverad i dig, har du tillg\u00e5ng till denna k\u00e4lla f\u00f6r resten av ditt liv och du kan allts\u00e5 inte bara ge andra Reiki, utan du kan \u00e4ven fylla p\u00e5 dig sj\u00e4lv. Det inneb\u00e4r ocks\u00e5 att \u00f6verf\u00f6ring av Reiki \u00e4r helt s\u00e4ker och ren och det kan aldrig n\u00e5gonsin g\u00f6ra skada. Ju mer du anv\u00e4nder Reiki, desto starkare blir fl\u00f6det.<\/p>\n<p>Kursen inneh\u00e5ller m\u00e5nga praktiska \u00f6vningar och detta energi-arbete s\u00e4tter ing\u00e5ng b\u00e5de fysiska och psykiska processer. Reiki 1 \u00e4r d\u00e4rmed en v\u00e4g till personlig och andlig utveckling.<\/p>\n<p>Grundkursen omfattar 20,5 timmar uppdelat p\u00e5 tre dagar enligt nedan:<\/p>\n<ul>\n<li>Dag 1: 15.00-19.00<\/li>\n<li>Dag 2: 09.00-17.30<\/li>\n<li>Dag 3: 09.00-17.00<\/li>\n<\/ul>\n<p>Detta ing\u00e5r i kursen:<\/p>\n<ul>\n<li>Vad Reiki \u00e4r, hur den fungerar och dess anv\u00e4ndningsomr\u00e5den<\/li>\n<li>Reikis historia<\/li>\n<li>Reikis fem principer<\/li>\n<li>Reiju: Reiki 1-initieringar (totalt fyra)<\/li>\n<li>Gassho-meditationen<\/li>\n<li>Joshin Kokyuu-Ho: andnings\u00f6vning f\u00f6r att rena anden<\/li>\n<li>Reiji-Ho: f\u00f6r intuitiv ledning<\/li>\n<li>Demonstration och praktisk tid f\u00f6r att ge Reiki till andra och sig sj\u00e4lv<\/li>\n<li>Byosen: hitta och arbeta med problemomr\u00e5den<\/li>\n<li>Kenyoku: torrbad<\/li>\n<li>Meditationer med affirmationer och chakra-healing<\/li>\n<li>Kursmanual + foto-affischer i f\u00e4rg p\u00e5 handpositionerna<\/li>\n<li>Information om den nya lagen f\u00f6r alternativmedicinsk verksamhet<\/li>\n<li>Kortare genomg\u00e5ng av tystnadsplikt och bem\u00f6tande av klienter<\/li>\n<li>Diplom<\/li>\n<li>F\u00f6r- och eftermiddags mellanm\u00e5l<\/li>\n<li>BONUS! Flera inspelningar med \u00f6vningar och meditationer fr\u00e5n kursen<\/li>\n<li>Messenger-grupp d\u00e4r deltagarna kan ha kontakt med varandra och l\u00e4rare f\u00f6r fr\u00e5gor och diskussioner b\u00e5de f\u00f6re och efter kursen<\/li>\n<\/ul>\n<p>Jag har en Facebook-grupp f\u00f6r alla mina kursdeltagare d\u00e4r man har m\u00f6jlighet att diskutera och att f\u00e5 st\u00e4lla fr\u00e5gor om Reiki, samt f\u00e5 kontakt med m\u00e5nga andra Reiki-ut\u00f6vare.<\/p>\n<p>Jag har ocks\u00e5 Reiki-tr\u00e4ffar n\u00e5gra g\u00e5nger om \u00e5ret d\u00e4r alla mina elever \u00e4r v\u00e4lkomna f\u00f6r samvaro och Reiki-utbyte. En perfekt plattform f\u00f6r att h\u00e5lla i g\u00e5ng sin Reiki \u00e4ven efter kursen!<\/p>\n<p><b>F\u00f6r aktuellt pris, se Priser i menyn. Notera att f<strong>\u00f6r f\u00f6retag tillkommer moms.<\/strong><\/b><\/p>\n<p>H\u00e4r kan du se en video d\u00e4r jag ber\u00e4ttar om grundkursen:<\/p>\n<p><iframe loading=\"lazy\" title=\"Christine Melchert - Om Reiki Grundkurs\" width=\"660\" height=\"371\" src=\"https:\/\/www.youtube.com\/embed\/PjznorePUrY?feature=oembed\" frameborder=\"0\" allow=\"accelerometer; autoplay; clipboard-write; encrypted-media; gyroscope; picture-in-picture; web-share\" referrerpolicy=\"strict-origin-when-cross-origin\" allowfullscreen><\/iframe><\/p>\n","protected":false},"excerpt":{"rendered":"<p>Grundkursen i Reiki \u00e4r till f\u00f6r dig som sj\u00e4lv vill bli Reiki-ut\u00f6vare och syftar till att kunna ge b\u00e5de dig sj\u00e4lv och andra Reiki (Universell livsenergi) genom handp\u00e5l\u00e4ggning. Kursen ger dig f\u00f6rm\u00e5gan att \u00f6verf\u00f6ra Reikienergi med hj\u00e4lp av dina h\u00e4nder och energin kan f\u00f6rmedlas som sagt till b\u00e5de dig sj\u00e4lv och andra m\u00e4nniskor, men \u00e4ven &hellip; <a href=\"https:\/\/christine.melchert.se\/web\/reiki-1-grundkurs\/\" class=\"more-link\">Forts\u00e4tt l\u00e4sa <span class=\"screen-reader-text\">Reiki 1 &#8211; Grundkurs<\/span><\/a><\/p>\n","protected":false},"author":2,"featured_media":574,"parent":0,"menu_order":0,"comment_status":"closed","ping_status":"closed","template":"","meta":{"footnotes":""},"class_list":["post-30","page","type-page","status-publish","has-post-thumbnail","hentry"],"_links":{"self":[{"href":"https:\/\/christine.melchert.se\/web\/wp-json\/wp\/v2\/pages\/30","targetHints":{"allow":["GET"]}}],"collection":[{"href":"https:\/\/christine.melchert.se\/web\/wp-json\/wp\/v2\/pages"}],"about":[{"href":"https:\/\/christine.melchert.se\/web\/wp-json\/wp\/v2\/types\/page"}],"author":[{"embeddable":true,"href":"https:\/\/christine.melchert.se\/web\/wp-json\/wp\/v2\/users\/2"}],"replies":[{"embeddable":true,"href":"https:\/\/christine.melchert.se\/web\/wp-json\/wp\/v2\/comments?post=30"}],"version-history":[{"count":20,"href":"https:\/\/christine.melchert.se\/web\/wp-json\/wp\/v2\/pages\/30\/revisions"}],"predecessor-version":[{"id":1430,"href":"https:\/\/christine.melchert.se\/web\/wp-json\/wp\/v2\/pages\/30\/revisions\/1430"}],"wp:featuredmedia":[{"embeddable":true,"href":"https:\/\/christine.melchert.se\/web\/wp-json\/wp\/v2\/media\/574"}],"wp:attachment":[{"href":"https:\/\/christine.melchert.se\/web\/wp-json\/wp\/v2\/media?parent=30"}],"curies":[{"name":"wp","href":"https:\/\/api.w.org\/{rel}","templated":true}]}}