{"id":343,"date":"2018-03-16T11:44:24","date_gmt":"2018-03-16T10:44:24","guid":{"rendered":"http:\/\/www.christine.melchert.se\/web\/?page_id=343"},"modified":"2022-06-17T22:33:29","modified_gmt":"2022-06-17T20:33:29","slug":"reiki-pa-distans","status":"publish","type":"page","link":"https:\/\/christine.melchert.se\/web\/reiki-pa-distans\/","title":{"rendered":"Reiki p\u00e5 distans"},"content":{"rendered":"<p>Om du inte har m\u00f6jlighet att komma till min mottagning p\u00e5 Reiki-session, g\u00e5r det bra att ist\u00e4llet ta emot behandlingen d\u00e4r du \u00e4r, genom att jag helt enkelt skickar dig Reiki p\u00e5 distans. Vi best\u00e4mmer en tid som passar och d\u00e5 \u00e4r det bra om du kan sitta eller ligga ner och bara slappna av, precis som om du skulle ligga p\u00e5 min b\u00e4nk p\u00e5 min mottagning.<\/p>\n<p>Efter\u00e5t kan vi h\u00f6ras p\u00e5 telefon f\u00f6r att prata om sessionen n\u00e5gra minuter eller om du f\u00f6redrar att jag messar dig n\u00e5gra rader om hur jag upplevde den.<\/p>\n<p>Om jag inte k\u00e4nner dig sedan tidigare, \u00e4r det toppen om jag kan f\u00e5 ett foto p\u00e5 ditt ansikte, namn f\u00f6rst\u00e5s och eventuellt var du befinner dig d\u00e5 behandlingen skall utf\u00f6ras. Det fungerar definitivt med enbart ditt namn ocks\u00e5, det har jag gjort m\u00e5nga g\u00e5nger, s\u00e5 det \u00e4r helt ok om du inte vill ge ut foto eller plats!<\/p>\n<p>Det g\u00e5r \u00e4ven att g\u00f6ra en kortare behandling p\u00e5 distans, s\u00e5 jag erbjuder 30, 45 och 60 min session.<\/p>\n","protected":false},"excerpt":{"rendered":"<p>Om du inte har m\u00f6jlighet att komma till min mottagning p\u00e5 Reiki-session, g\u00e5r det bra att ist\u00e4llet ta emot behandlingen d\u00e4r du \u00e4r, genom att jag helt enkelt skickar dig Reiki p\u00e5 distans. Vi best\u00e4mmer en tid som passar och d\u00e5 \u00e4r det bra om du kan sitta eller ligga ner och bara slappna av, &hellip; <a href=\"https:\/\/christine.melchert.se\/web\/reiki-pa-distans\/\" class=\"more-link\">Forts\u00e4tt l\u00e4sa <span class=\"screen-reader-text\">Reiki p\u00e5 distans<\/span><\/a><\/p>\n","protected":false},"author":2,"featured_media":0,"parent":0,"menu_order":0,"comment_status":"closed","ping_status":"closed","template":"","meta":{"footnotes":""},"class_list":["post-343","page","type-page","status-publish","hentry"],"_links":{"self":[{"href":"https:\/\/christine.melchert.se\/web\/wp-json\/wp\/v2\/pages\/343","targetHints":{"allow":["GET"]}}],"collection":[{"href":"https:\/\/christine.melchert.se\/web\/wp-json\/wp\/v2\/pages"}],"about":[{"href":"https:\/\/christine.melchert.se\/web\/wp-json\/wp\/v2\/types\/page"}],"author":[{"embeddable":true,"href":"https:\/\/christine.melchert.se\/web\/wp-json\/wp\/v2\/users\/2"}],"replies":[{"embeddable":true,"href":"https:\/\/christine.melchert.se\/web\/wp-json\/wp\/v2\/comments?post=343"}],"version-history":[{"count":3,"href":"https:\/\/christine.melchert.se\/web\/wp-json\/wp\/v2\/pages\/343\/revisions"}],"predecessor-version":[{"id":1018,"href":"https:\/\/christine.melchert.se\/web\/wp-json\/wp\/v2\/pages\/343\/revisions\/1018"}],"wp:attachment":[{"href":"https:\/\/christine.melchert.se\/web\/wp-json\/wp\/v2\/media?parent=343"}],"curies":[{"name":"wp","href":"https:\/\/api.w.org\/{rel}","templated":true}]}}