{"id":346,"date":"2018-03-16T12:07:27","date_gmt":"2018-03-16T11:07:27","guid":{"rendered":"http:\/\/www.christine.melchert.se\/web\/?page_id=346"},"modified":"2025-01-16T17:47:04","modified_gmt":"2025-01-16T16:47:04","slug":"reiki-och-djur","status":"publish","type":"page","link":"https:\/\/christine.melchert.se\/web\/reiki-och-djur\/","title":{"rendered":"Reiki och djur"},"content":{"rendered":"<p>Det g\u00e5r alldeles utm\u00e4rkt att ge Reiki till djur och liksom barn, \u00e4r djur v\u00e4ldigt mottagliga och det beh\u00f6vs s\u00e4llan l\u00e5nga behandlingar f\u00f6r att det skall bli resultat. Det g\u00e5r sj\u00e4lvklart bra att skicka Reiki p\u00e5 distans till djur ocks\u00e5, och det spelar ingen roll om du inte kan f\u00e5 din hund eller katt att sitta stilla under behandlingen \u2013 det fungerar \u00e4nd\u00e5.<\/p>\n<p>F\u00f6r bara n\u00e5gra veckor sedan bad en omt\u00e4nksam matte mig att skicka Reiki till hennes katt, som blivit annorlunda i s\u00e4ttet sedan hon varit inlagd p\u00e5 djursjukhus; hon hade blivit avst\u00e5ndstagande och slutat att ligga i mattes s\u00e4ng, vilket hon alltid gjort tidigare.<\/p>\n<p>Jag fick ett nytaget kort p\u00e5 katten p\u00e5 sms och satte ig\u00e5ng med att skicka 10 minuter Reiki. Direkt efter\u00e5t, fick jag sms fr\u00e5n matte som meddelade att hon inte m\u00e4rkt n\u00e5gon skillnad p\u00e5 katten under tiden som behandlingen p\u00e5gick, men att katten nu hade b\u00f6rjat svansat efter henne mer \u00e4n hon gjort p\u00e5 flera veckor.<\/p>\n<p>P\u00e5 f\u00f6rmiddagen n\u00e4sta dag, kom ett nytt sms fr\u00e5n matte, som nu med tydlig gl\u00e4dje meddelade att katten legat i hennes s\u00e4ng hela natten och myst med matte. Glad katt \u2013 glad matte. Det \u00e4r gjort! \ud83d\ude0a<\/p>\n<p>S\u00e5 vilken h\u00e4rlig solskenshistoria och detta p\u00e5 bara 10 minuters Reiki.<\/p>\n","protected":false},"excerpt":{"rendered":"<p>Det g\u00e5r alldeles utm\u00e4rkt att ge Reiki till djur och liksom barn, \u00e4r djur v\u00e4ldigt mottagliga och det beh\u00f6vs s\u00e4llan l\u00e5nga behandlingar f\u00f6r att det skall bli resultat. Det g\u00e5r sj\u00e4lvklart bra att skicka Reiki p\u00e5 distans till djur ocks\u00e5, och det spelar ingen roll om du inte kan f\u00e5 din hund eller katt att &hellip; <a href=\"https:\/\/christine.melchert.se\/web\/reiki-och-djur\/\" class=\"more-link\">Forts\u00e4tt l\u00e4sa <span class=\"screen-reader-text\">Reiki och djur<\/span><\/a><\/p>\n","protected":false},"author":2,"featured_media":1310,"parent":0,"menu_order":0,"comment_status":"closed","ping_status":"closed","template":"","meta":{"footnotes":""},"class_list":["post-346","page","type-page","status-publish","has-post-thumbnail","hentry"],"_links":{"self":[{"href":"https:\/\/christine.melchert.se\/web\/wp-json\/wp\/v2\/pages\/346","targetHints":{"allow":["GET"]}}],"collection":[{"href":"https:\/\/christine.melchert.se\/web\/wp-json\/wp\/v2\/pages"}],"about":[{"href":"https:\/\/christine.melchert.se\/web\/wp-json\/wp\/v2\/types\/page"}],"author":[{"embeddable":true,"href":"https:\/\/christine.melchert.se\/web\/wp-json\/wp\/v2\/users\/2"}],"replies":[{"embeddable":true,"href":"https:\/\/christine.melchert.se\/web\/wp-json\/wp\/v2\/comments?post=346"}],"version-history":[{"count":1,"href":"https:\/\/christine.melchert.se\/web\/wp-json\/wp\/v2\/pages\/346\/revisions"}],"predecessor-version":[{"id":1311,"href":"https:\/\/christine.melchert.se\/web\/wp-json\/wp\/v2\/pages\/346\/revisions\/1311"}],"wp:featuredmedia":[{"embeddable":true,"href":"https:\/\/christine.melchert.se\/web\/wp-json\/wp\/v2\/media\/1310"}],"wp:attachment":[{"href":"https:\/\/christine.melchert.se\/web\/wp-json\/wp\/v2\/media?parent=346"}],"curies":[{"name":"wp","href":"https:\/\/api.w.org\/{rel}","templated":true}]}}