{"id":428,"date":"2019-02-12T20:40:20","date_gmt":"2019-02-12T19:40:20","guid":{"rendered":"https:\/\/christine.melchert.se\/web\/?page_id=428"},"modified":"2026-01-02T16:00:30","modified_gmt":"2026-01-02T15:00:30","slug":"att-bli-professionell-reiki-utovare","status":"publish","type":"page","link":"https:\/\/christine.melchert.se\/web\/att-bli-professionell-reiki-utovare\/","title":{"rendered":"Professionell Reiki-terapeut"},"content":{"rendered":"<p><strong>F\u00f6rkunskap: Grundkurs i Reiki<\/strong><\/p>\n<p>N\u00e4r jag b\u00f6rjade h\u00e5lla utbildning i Reiki f\u00f6r flera \u00e5r sedan, var det n\u00e4stan ingen av mina deltagare som hade f\u00f6r avsikt att b\u00f6rja arbeta professionellt med Reiki. Man anm\u00e4lde sig till grundkursen f\u00f6r sin egen skull, f\u00f6r personlig utveckling och sj\u00e4lvhealing. Och grundkursen \u00e4r till f\u00f6r just det, f\u00f6r dig sj\u00e4lv i f\u00f6rsta hand, f\u00f6r dina n\u00e4ra och k\u00e4ra i andra hand.<\/p>\n<p>Men de senaste \u00e5ren har efterfr\u00e5gan p\u00e5 Reiki \u00f6kat fantastiskt mycket och fler och fler av mina kursdeltagare har b\u00f6rjat fundera p\u00e5 att kunna arbeta med Reiki professionellt. Ett f\u00e5tal har redan arbetslivserfarenhet g\u00e4llande bem\u00f6tande av kunder, i form av att de arbetar som mass\u00f6rer eller hudterapeuter, medan de flesta andra inte har n\u00e5gon erfarenhet alls av att bem\u00f6ta klienter med allt vad det inneb\u00e4r av sekretess och v\u00e5rdande samtal till exempel. V\u00e5rdande samtal \u00e4r oerh\u00f6rt viktigt och det \u00e4r angel\u00e4get att k\u00e4nna till detta n\u00e4r man b\u00f6rjar ta emot klienter.<\/p>\n<p>Att arbeta som professionell Reiki-terapeut st\u00e4ller helt andra krav p\u00e5 dig och du beh\u00f6ver kunskap som egentligen inte l\u00e4rs ut i de grundl\u00e4ggande Reiki-kurserna, \u00e4ven om vi d\u00e4r g\u00e5r igenom sekretess och klientbem\u00f6tande till viss del. Och eftersom de flesta trots allt fortfarande g\u00e5r kurserna f\u00f6r sin egen skull, finns det risk att det g\u00e5r \u00e5t obalanserat mycket tid f\u00f6r diskussioner om ett f\u00e5tal vill prata professionellt arbete. Det ligger helt enkelt inte i alla deltagares intresse.<\/p>\n<p>P\u00e5 f\u00f6rekommen anledning har jag d\u00e4rf\u00f6r utvecklat denna kurs f\u00f6r dig som vill arbeta professionellt med Reiki och som k\u00e4nner att du beh\u00f6ver mer kunskap om det. H\u00e4r kommer jag att ge mina tips och r\u00e5d fr\u00e5n min egen erfarenhet som yrkesverksam sedan \u00e5r 2007.<\/p>\n<p><strong><em>Sj\u00e4lvklart kan man b\u00f6rja arbeta professionellt utan att ha g\u00e5tt denna kurs.<\/em><\/strong><\/p>\n<p><strong>F\u00f6ljande ing\u00e5r i kursen:<\/strong><\/p>\n<ul>\n<li>Klientbem\u00f6tande, sekretess och v\u00e5rdande samtal<\/li>\n<li>Praktisk \u00f6vning hur en behandling g\u00e5r till och vad varje position \u00e4r bra f\u00f6r<\/li>\n<li>Variationer av handpositioner<\/li>\n<li>Positioner f\u00f6r s\u00e4rskilda behov<\/li>\n<li>Dokumentation av behandlingar<\/li>\n<li>Generell information om GDPR*<\/li>\n<li>Samtal om din mottagning \u2013 vad beh\u00f6vs och vad \u00e4r praktiskt att t\u00e4nka p\u00e5<\/li>\n<li>Marknadsf\u00f6ring \u2013 hur du n\u00e5r ut till nya klienter<\/li>\n<li>Att ta betalt<\/li>\n<li>Kursmanual<\/li>\n<li>Kursintyg<\/li>\n<\/ul>\n<p><strong>Viktigt att notera<\/strong>: Vi kommer att prata om v\u00e5rdande samtal och g\u00f6ra praktiska \u00f6vningar p\u00e5 detta, men du blir inte professionell samtalsterapeut efter genomg\u00e5ngen kurs. I denna kurs ing\u00e5r inte heller hur du startar eget f\u00f6retag.<\/p>\n<p>*F\u00f6r fullst\u00e4ndig information, kan du s\u00f6ka om GDPR p\u00e5 n\u00e4tet.<\/p>\n<p><b>F\u00f6r aktuellt pris, se prislistan i menyn. Notera att f<strong>\u00f6r f\u00f6retag tillkommer moms.<\/strong><\/b><\/p>\n<p>I priset ing\u00e5r f\u00f6r- och eftermiddagsfika, min blankett f\u00f6r behandlingsdokumentation, samt kursintyg.<\/p>\n","protected":false},"excerpt":{"rendered":"<p>F\u00f6rkunskap: Grundkurs i Reiki N\u00e4r jag b\u00f6rjade h\u00e5lla utbildning i Reiki f\u00f6r flera \u00e5r sedan, var det n\u00e4stan ingen av mina deltagare som hade f\u00f6r avsikt att b\u00f6rja arbeta professionellt med Reiki. Man anm\u00e4lde sig till grundkursen f\u00f6r sin egen skull, f\u00f6r personlig utveckling och sj\u00e4lvhealing. Och grundkursen \u00e4r till f\u00f6r just det, f\u00f6r dig &hellip; <a href=\"https:\/\/christine.melchert.se\/web\/att-bli-professionell-reiki-utovare\/\" class=\"more-link\">Forts\u00e4tt l\u00e4sa <span class=\"screen-reader-text\">Professionell Reiki-terapeut<\/span><\/a><\/p>\n","protected":false},"author":2,"featured_media":966,"parent":0,"menu_order":0,"comment_status":"closed","ping_status":"closed","template":"","meta":{"footnotes":""},"class_list":["post-428","page","type-page","status-publish","has-post-thumbnail","hentry"],"_links":{"self":[{"href":"https:\/\/christine.melchert.se\/web\/wp-json\/wp\/v2\/pages\/428","targetHints":{"allow":["GET"]}}],"collection":[{"href":"https:\/\/christine.melchert.se\/web\/wp-json\/wp\/v2\/pages"}],"about":[{"href":"https:\/\/christine.melchert.se\/web\/wp-json\/wp\/v2\/types\/page"}],"author":[{"embeddable":true,"href":"https:\/\/christine.melchert.se\/web\/wp-json\/wp\/v2\/users\/2"}],"replies":[{"embeddable":true,"href":"https:\/\/christine.melchert.se\/web\/wp-json\/wp\/v2\/comments?post=428"}],"version-history":[{"count":3,"href":"https:\/\/christine.melchert.se\/web\/wp-json\/wp\/v2\/pages\/428\/revisions"}],"predecessor-version":[{"id":1433,"href":"https:\/\/christine.melchert.se\/web\/wp-json\/wp\/v2\/pages\/428\/revisions\/1433"}],"wp:featuredmedia":[{"embeddable":true,"href":"https:\/\/christine.melchert.se\/web\/wp-json\/wp\/v2\/media\/966"}],"wp:attachment":[{"href":"https:\/\/christine.melchert.se\/web\/wp-json\/wp\/v2\/media?parent=428"}],"curies":[{"name":"wp","href":"https:\/\/api.w.org\/{rel}","templated":true}]}}