{"id":495,"date":"2019-12-02T13:19:28","date_gmt":"2019-12-02T12:19:28","guid":{"rendered":"https:\/\/christine.melchert.se\/web\/?page_id=495"},"modified":"2019-12-02T13:19:28","modified_gmt":"2019-12-02T12:19:28","slug":"brostcancer-del-1-den-attonde-kvinnan","status":"publish","type":"page","link":"https:\/\/christine.melchert.se\/web\/brostcancer-del-1-den-attonde-kvinnan\/","title":{"rendered":"Br\u00f6stcancer del 1 &#8211; Den \u00e5ttonde kvinnan"},"content":{"rendered":"\n<p>I en del familjer har man mycket stroke, i en del, diabetes\noch i min egen familj och sl\u00e4kt har det f\u00f6rekommit mycket cancer av olika slag.\nDock aldrig br\u00f6stcancer. Det jag inte visste \u00e4r att av alla kvinnor som drabbas\nav br\u00f6stcancer, \u00e4r det endast 10% som beror p\u00e5 \u00e4rftlighet. Resterande fall har\nman inte riktigt kommit fram till vad de beror p\u00e5. Det finns studier som visar\natt d\u00e5ligt med motion, socker och stress kan vara bidragande orsaker till\nbr\u00f6stcancer och om jag minns r\u00e4tt, varnades det faktiskt p\u00e5 p-piller-asken f\u00f6r\n\u00f6ver 30 \u00e5r sedan, f\u00f6r \u00f6kad risk f\u00f6r br\u00f6stcancer. Hur galet \u00e4r inte det att ge\nton\u00e5ringar n\u00e5got som faktiskt kan orsaka br\u00f6stcancer?! F\u00f6rhoppningsvis \u00e4r\np-pillren b\u00e4ttre idag.<\/p>\n\n\n\n<p>Jag g\u00e5r alltid p\u00e5 mammografi n\u00e4r jag blir kallad. G\u00f6r du?!\nJag \u00f6ppnar alltid mitt provsvar utan r\u00e4dsla \u2013 oro f\u00f6r br\u00f6stcancer har aldrig\nfunnits hos mig. Samma sak denna g\u00e5ng, f\u00f6r cirka tv\u00e5 m\u00e5nader sedan. \u00d6ppnar\nkuvertet och l\u00e4ser att de m\u00e5ste komplettera med bilder och ultraljud,\neventuellt \u00e4ven punktion (man tar ett prov p\u00e5 f\u00f6r\u00e4ndringen som skickas p\u00e5\nanalys). <\/p>\n\n\n\n<p>Under s\u00e4kert en minut s\u00e5g jag f\u00f6r mitt inre hur jag fick\ncellgift, tappade h\u00e5ret, opererades och slutligen dog knall och fall\u2026 Sedan\nsansade jag mig och t\u00e4nkte att det faktiskt inte beh\u00f6ver betyda att jag har br\u00f6stcancer.\nMen det gjorde det\u2026 Jag hade blivit den \u00e5ttonde kvinnan.<\/p>\n\n\n\n<p>Bilder och ultraljud visade p\u00e5 en liten f\u00f6r\u00e4ndring \u2013 d\u00e5\nkunde det fortfarande vara en godartad s\u00e5dan, f\u00f6r det \u00e4r v\u00e4l inte konstigt att\nkroppens celler f\u00f6r\u00e4ndras med \u00e5ren? Dessutom k\u00e4nner jag flera som haft\ngodartade f\u00f6r\u00e4ndringar. Optimismen fl\u00f6dade. Men provsvar visade till slut att\ndet var en 14 mm liten tum\u00f6r i mitt ena br\u00f6st som inte var godartad och var\ntvungen att opereras bort. Ja, det var liten, men man kunde inte veta hur\naggressiv den var och ju yngre man \u00e4r, desto mer aggressiv br\u00f6stcancer.<\/p>\n\n\n\n<p>Jag fick operationstid bara tre veckor efter detta svar och\ndet k\u00e4ndes som allt gick v\u00e4ldigt fort. Jag lyckades h\u00e5lla oro och r\u00e4dsla p\u00e5 en arml\u00e4ngds\navst\u00e5nd och jag \u00e4r s\u00e5 oerh\u00f6rt tacksam f\u00f6r hur v\u00e4l mentalt rustad det visar sig\natt jag \u00e4r f\u00f6r s\u00e5dant h\u00e4r. Tack vare yoga, Reiki och alla mina \u00e5r som jag\njobbat med klienter i Hypnoanalys med bland annat just oro, r\u00e4dsla och \u00e4ltande\ntankar, har jag byggt upp en otrolig f\u00f6rm\u00e5ga att hantera oro p\u00e5, ett f\u00f6r mig,\nriktigt bra s\u00e4tt.<\/p>\n\n\n\n<p>F\u00f6rst\u00e5 mig r\u00e4tt, s\u00e5 klart det finns oro! S\u00e5 klart det k\u00e4ndes\nsurt! Sj\u00e4lvklart fick jag upprepa affirmationer om och om igen, men jag\nlyckades sl\u00e5 bort de \u00e4ltande, helt v\u00e4rdel\u00f6sa tankarna.<\/p>\n\n\n\n<p>M\u00e5ndag den 18 november opererades min tum\u00f6r bort och rent\nr\u00f6ntgenm\u00e4ssigt \u00e4r den borta, men nu skall patologen analysera cell f\u00f6r cell f\u00f6r\natt kunna avg\u00f6ra att det inte finns fler cancerceller som lurar n\u00e5gonstans och\nf\u00f6r att se hur aggressiv den \u00e4r. Detta prov tar upp till sex veckor att utf\u00f6ra,\ns\u00e5 det vet jag inte \u00e4n.<\/p>\n\n\n\n<p>Sedan har vi det andra provet, det som visar om cancern\nspridit sig till lymfk\u00f6rtlarna. Och detta har jag f\u00e5tt svar p\u00e5: det har INTE\nspridit sig till lymfk\u00f6rtlarna! S\u00e5 det k\u00e4nns sk\u00f6nt att kunna avsluta denna\ninformation med lite gl\u00e4dje i alla fall! Och i \u00e4rlighetens namn kunde jag\nknappt sluta gr\u00e5ta av tacksamhet och l\u00e4ttnad n\u00e4r sk\u00f6terskan ringde och\nmeddelade detta! One down, s\u00e5 att s\u00e4ga.<\/p>\n\n\n\n<p>Jag kan garantera att det kommer fler inl\u00e4gg om br\u00f6stcancer\nvartefter. Det finns mycket att s\u00e4ga runtomkring det hela, som kanske kan vara\ntill hj\u00e4lp f\u00f6r andra. S\u00e5 kolla in h\u00e4r n\u00e5gon g\u00e5ng ibland, s\u00e5 hoppas jag ha\nhunnit uppdatera med mer!<\/p>\n\n\n\n<p>Men ni vet, hur m\u00f6rkt det \u00e4n ser ut, finns det alltid en\nljusglimt i ena h\u00f6rnet. Och jag vill avsluta detta inl\u00e4gg med att citera\nProfessor Dumbledore (fr\u00e5n Harry Potter):<\/p>\n\n\n\n<p>\u201cHappiness\ncan be found, even in the darkest of times, if one only remembers to turn on\nthe light.\u201d<\/p>\n","protected":false},"excerpt":{"rendered":"<p>I en del familjer har man mycket stroke, i en del, diabetes och i min egen familj och sl\u00e4kt har det f\u00f6rekommit mycket cancer av olika slag. Dock aldrig br\u00f6stcancer. Det jag inte visste \u00e4r att av alla kvinnor som drabbas av br\u00f6stcancer, \u00e4r det endast 10% som beror p\u00e5 \u00e4rftlighet. Resterande fall har man &hellip; <a href=\"https:\/\/christine.melchert.se\/web\/brostcancer-del-1-den-attonde-kvinnan\/\" class=\"more-link\">Forts\u00e4tt l\u00e4sa <span class=\"screen-reader-text\">Br\u00f6stcancer del 1 &#8211; Den \u00e5ttonde kvinnan<\/span><\/a><\/p>\n","protected":false},"author":2,"featured_media":0,"parent":0,"menu_order":0,"comment_status":"closed","ping_status":"closed","template":"","meta":{"footnotes":""},"class_list":["post-495","page","type-page","status-publish","hentry"],"_links":{"self":[{"href":"https:\/\/christine.melchert.se\/web\/wp-json\/wp\/v2\/pages\/495","targetHints":{"allow":["GET"]}}],"collection":[{"href":"https:\/\/christine.melchert.se\/web\/wp-json\/wp\/v2\/pages"}],"about":[{"href":"https:\/\/christine.melchert.se\/web\/wp-json\/wp\/v2\/types\/page"}],"author":[{"embeddable":true,"href":"https:\/\/christine.melchert.se\/web\/wp-json\/wp\/v2\/users\/2"}],"replies":[{"embeddable":true,"href":"https:\/\/christine.melchert.se\/web\/wp-json\/wp\/v2\/comments?post=495"}],"version-history":[{"count":1,"href":"https:\/\/christine.melchert.se\/web\/wp-json\/wp\/v2\/pages\/495\/revisions"}],"predecessor-version":[{"id":496,"href":"https:\/\/christine.melchert.se\/web\/wp-json\/wp\/v2\/pages\/495\/revisions\/496"}],"wp:attachment":[{"href":"https:\/\/christine.melchert.se\/web\/wp-json\/wp\/v2\/media?parent=495"}],"curies":[{"name":"wp","href":"https:\/\/api.w.org\/{rel}","templated":true}]}}