{"id":5,"date":"2017-11-07T10:36:32","date_gmt":"2017-11-07T09:36:32","guid":{"rendered":"http:\/\/www.christine.melchert.se\/web\/?page_id=5"},"modified":"2025-10-08T15:51:23","modified_gmt":"2025-10-08T13:51:23","slug":"hypnoanalys","status":"publish","type":"page","link":"https:\/\/christine.melchert.se\/web\/hypnoanalys\/","title":{"rendered":"HYPNOANALYS"},"content":{"rendered":"<p><em>Hypnos \u00e4r ett naturligt tillst\u00e5nd, s\u00e5 det \u00e4r inte terapi i sig. Hypnos anv\u00e4nds f\u00f6r att skapa ett sinnestillst\u00e5nd i vilket klienten och jag tillsammans arbetar f\u00f6r att n\u00e5 \u00f6nskat resultat. Men det \u00e4r inte s\u00e5 s\u00e4kert att klienten k\u00e4nner sig \u201dhypnotiserad\u201d, f\u00f6r det finns egentligen ingen speciell hypnosk\u00e4nsla. D\u00e4remot kommer klienten att uppleva en k\u00e4nsla av mental och fysisk avkoppling.<\/em><\/p>\n<p>En person i hypnos sover inte, utan kan d\u00e4remot ofta vara mer medveten om vad som sker runtomkring sig \u00e4n i normala fall, d\u00e5 sinnena vanligtvis fungerar b\u00e4ttre. Det \u00e4r ot\u00e4nkbart att en person i hypnos kommer att s\u00e4ga eller g\u00f6ra n\u00e5got mot sin egen vilja eller mot sina egna principer.<\/p>\n<p>Hypnoanalys anv\u00e4nds f\u00f6r att uppenbara orsakerna till neurotiska och psykiska problem, som kan yttra sig i form av exempelvis social fobi, flygr\u00e4dsla,\u00a0vattenskr\u00e4ck, \u00e5ngest, depression, \u00e4ltande, kontrollbehov och l\u00e5g sj\u00e4lvk\u00e4nsla.<\/p>\n<p>Att g\u00e5 i hypnoanalys inneb\u00e4r att du kommer att f\u00e5 en djup f\u00f6rst\u00e5else f\u00f6r dig sj\u00e4lv och dina beteenden och k\u00e4nslor. S\u00e5 en \u00f6kad sj\u00e4lvk\u00e4nnedom som f\u00e5r dig att f\u00f6rst\u00e5 dina \u00f6nskningar, dina r\u00e4dslor och dina sj\u00e4lvp\u00e5tagna mentala begr\u00e4nsningar. <span style=\"display: inline !important; float: none; background-color: #ffffff; color: #333333; cursor: text; font-family: 'Noto Serif',serif; font-size: 19px; font-style: normal; font-variant: normal; font-weight: 400; letter-spacing: normal; orphans: 2; text-align: left; text-decoration: none; text-indent: 0px; text-transform: none; -webkit-text-stroke-width: 0px; white-space: normal; word-spacing: 0px;\">M\u00e5ls\u00e4ttningen f\u00f6r terapin \u00e4r att du skall f\u00e5 tillg\u00e5ng till dina egna inre resurser. <\/span><\/p>\n<p><span style=\"display: inline !important; float: none; background-color: #ffffff; color: #333333; cursor: text; font-family: 'Noto Serif',serif; font-size: 19px; font-style: normal; font-variant: normal; font-weight: 400; letter-spacing: normal; orphans: 2; text-align: left; text-decoration: none; text-indent: 0px; text-transform: none; -webkit-text-stroke-width: 0px; white-space: normal; word-spacing: 0px;\">Vi jobbar ocks\u00e5 mycket med mentala \u00f6vningar (NLP) som bland annat kan hj\u00e4lpa dig att neutralisera obehagliga h\u00e4ndelser fr\u00e5n f\u00f6rr och som hj\u00e4lper dig n\u00e5 framg\u00e5ng i framtida situationer.\u00a0<\/span><\/p>\n<p>Hypnoanalys kan beskrivas som lagen om orsak och verkan, varje symptom (verkan) har oftast en orsak. Genom hypnoanalys uppenbaras och bearbetas sj\u00e4lva ursprunget till besv\u00e4ren, vilket inneb\u00e4r att symptomen oftast f\u00f6rsvinner. Det \u00e4r inte ovanligt att man uppn\u00e5r detta m\u00e5l redan efter 6\u201310 sessioner.<\/p>\n<p>Alla m\u00e4nniskor har sin egen fantastiska personliga historia med olika erfarenheter och inre resurser som med all s\u00e4kerhet kan vara till nytta f\u00f6r att f\u00f6r\u00e4ndring skall ske. Som din terapeut hj\u00e4lper jag dig att komma i kontakt\u00a0med dina egna unika inre tillg\u00e5ngar.<\/p>\n<p>Hypnoanalys \u00e4r en helt privat och individuell terapi vilket g\u00f6r att det inte g\u00e5r att s\u00e4ga hur m\u00e5nga bes\u00f6k som beh\u00f6vs, men man b\u00f6r nog r\u00e4kna med 6\u201315 konsultationer.<\/p>\n<p><a href=\"https:\/\/christine.melchert.se\/web\/oro-och-altande-tankar\/\">Oro och \u00e4ltande tankar<\/a><\/p>\n<p><a href=\"https:\/\/christine.melchert.se\/web\/somnproblem\/\">S\u00f6mnproblem<\/a><\/p>\n<p><a href=\"https:\/\/christine.melchert.se\/web\/viktkontroll\/\" rel=\"noopener\">Viktkontroll<\/a><\/p>\n<p><a href=\"https:\/\/christine.melchert.se\/web\/sorg\/\" target=\"_blank\" rel=\"noopener noreferrer\">SORG<\/a><\/p>\n<p><strong>F\u00f6r aktuella priser, se prislistan i menyn.<\/strong><\/p>\n\n\n<p>I videon nedan, ber\u00e4ttar jag om hypnoanalys:<\/p>\n\n\n\n<figure class=\"wp-block-embed is-type-video is-provider-youtube wp-block-embed-youtube wp-embed-aspect-16-9 wp-has-aspect-ratio\"><div class=\"wp-block-embed__wrapper\">\n<iframe loading=\"lazy\" title=\"Christine Melchert - Information om hypnoanalys\" width=\"660\" height=\"371\" src=\"https:\/\/www.youtube.com\/embed\/J2V-sUEI5Rw?feature=oembed\" frameborder=\"0\" allow=\"accelerometer; autoplay; clipboard-write; encrypted-media; gyroscope; picture-in-picture; web-share\" referrerpolicy=\"strict-origin-when-cross-origin\" allowfullscreen><\/iframe>\n<\/div><\/figure>\n\n\n\n<p>Och i denna video f\u00e5r du svar p\u00e5 n\u00e5gra fr\u00e5gor om hypnos, som du kanske har:<\/p>\n\n\n\n<figure class=\"wp-block-embed is-type-video is-provider-youtube wp-block-embed-youtube wp-embed-aspect-16-9 wp-has-aspect-ratio\"><div class=\"wp-block-embed__wrapper\">\n<iframe loading=\"lazy\" title=\"Christine Melchert - Fr\u00e5gor och Svar om Hypnos\" width=\"660\" height=\"371\" src=\"https:\/\/www.youtube.com\/embed\/zApnGBqieaU?feature=oembed\" frameborder=\"0\" allow=\"accelerometer; autoplay; clipboard-write; encrypted-media; gyroscope; picture-in-picture; web-share\" referrerpolicy=\"strict-origin-when-cross-origin\" allowfullscreen><\/iframe>\n<\/div><\/figure>\n","protected":false},"excerpt":{"rendered":"<p>Hypnos \u00e4r ett naturligt tillst\u00e5nd, s\u00e5 det \u00e4r inte terapi i sig. Hypnos anv\u00e4nds f\u00f6r att skapa ett sinnestillst\u00e5nd i vilket klienten och jag tillsammans arbetar f\u00f6r att n\u00e5 \u00f6nskat resultat. Men det \u00e4r inte s\u00e5 s\u00e4kert att klienten k\u00e4nner sig \u201dhypnotiserad\u201d, f\u00f6r det finns egentligen ingen speciell hypnosk\u00e4nsla. D\u00e4remot kommer klienten att uppleva en &hellip; <a href=\"https:\/\/christine.melchert.se\/web\/hypnoanalys\/\" class=\"more-link\">Forts\u00e4tt l\u00e4sa <span class=\"screen-reader-text\">HYPNOANALYS<\/span><\/a><\/p>\n","protected":false},"author":2,"featured_media":954,"parent":0,"menu_order":0,"comment_status":"closed","ping_status":"closed","template":"","meta":{"footnotes":""},"class_list":["post-5","page","type-page","status-publish","has-post-thumbnail","hentry"],"_links":{"self":[{"href":"https:\/\/christine.melchert.se\/web\/wp-json\/wp\/v2\/pages\/5","targetHints":{"allow":["GET"]}}],"collection":[{"href":"https:\/\/christine.melchert.se\/web\/wp-json\/wp\/v2\/pages"}],"about":[{"href":"https:\/\/christine.melchert.se\/web\/wp-json\/wp\/v2\/types\/page"}],"author":[{"embeddable":true,"href":"https:\/\/christine.melchert.se\/web\/wp-json\/wp\/v2\/users\/2"}],"replies":[{"embeddable":true,"href":"https:\/\/christine.melchert.se\/web\/wp-json\/wp\/v2\/comments?post=5"}],"version-history":[{"count":10,"href":"https:\/\/christine.melchert.se\/web\/wp-json\/wp\/v2\/pages\/5\/revisions"}],"predecessor-version":[{"id":1378,"href":"https:\/\/christine.melchert.se\/web\/wp-json\/wp\/v2\/pages\/5\/revisions\/1378"}],"wp:featuredmedia":[{"embeddable":true,"href":"https:\/\/christine.melchert.se\/web\/wp-json\/wp\/v2\/media\/954"}],"wp:attachment":[{"href":"https:\/\/christine.melchert.se\/web\/wp-json\/wp\/v2\/media?parent=5"}],"curies":[{"name":"wp","href":"https:\/\/api.w.org\/{rel}","templated":true}]}}