{"id":512,"date":"2019-12-22T17:05:07","date_gmt":"2019-12-22T16:05:07","guid":{"rendered":"https:\/\/christine.melchert.se\/web\/?page_id=512"},"modified":"2019-12-22T17:05:07","modified_gmt":"2019-12-22T16:05:07","slug":"brostcancer-del-3-reiki-tacksamhet","status":"publish","type":"page","link":"https:\/\/christine.melchert.se\/web\/brostcancer-del-3-reiki-tacksamhet\/","title":{"rendered":"Br\u00f6stcancer del 3 &#8211; Reiki &#038; tacksamhet"},"content":{"rendered":"\n<p>S\u00e5 fort jag fick beskedet att jag hade en elakartad tum\u00f6r i\nbr\u00f6stet, t\u00e4nkte jag att jag inte beh\u00f6ver klara av detta ensam. Jag ger mig\nsj\u00e4lv Reiki varje dag, men jag k\u00e4nde att jag ville ha s\u00e5 mycket Reiki som jag\nm\u00f6jligen kunde f\u00e5 f\u00f6r avslappning, l\u00e4kning och energip\u00e5fyllnad. Och eftersom\natt vara Reiki-l\u00e4rare inneb\u00e4r att jag har en massa fantastiska Reiki-elever,\nber\u00e4ttade jag om br\u00f6stcancern f\u00f6r dem och fr\u00e5gade om det m\u00f6jligen fanns en\neller fler som skulle kunna t\u00e4nka sig att sk\u00e4nka mig och\/eller min operation n\u00e5gra\nminuter Reiki.<\/p>\n\n\n\n<p>Jag fick en \u00f6verv\u00e4ldigande respons. Jag \u00e4r s\u00e5 tacksam f\u00f6r\nmina fina Reiki-v\u00e4nner och tacksam f\u00f6r den tid de la ner p\u00e5 att skicka Reiki\ntill mig. En del skickade \u00e4ven till min operation. D\u00e5 man m\u00e5ste ha g\u00e5tt\nforts\u00e4ttningskursen (Reiki 2) f\u00f6r att kunna skicka Reiki p\u00e5 distans, var det\nflera Reiki-ettor som h\u00f6rde av sig och fr\u00e5gade vad de kunde g\u00f6ra f\u00f6r mig. Och\nni vet, tankar \u00e4r ocks\u00e5 energi, s\u00e5 jag bad bara tacksamt om positiva tankar och\njag k\u00e4nde mig oerh\u00f6rd r\u00f6rd \u00f6ver detta engagemang. <\/p>\n\n\n\n<p>Vet ni att \u00e4ven b\u00f6ner verkligen hj\u00e4lper? Det finns studier\nsom visar det, s\u00e5 avf\u00e4rda inte m\u00e4nniskor som vill be f\u00f6r er, \u00e4ven om ni inte delar\nderas tro eller religion.<\/p>\n\n\n\n<p>Jag vet inte om du som l\u00e4ser detta ocks\u00e5 \u00e4r s\u00e5dan som g\u00e4rna\nvill ge tillbaka n\u00e5got till den som ger dig en g\u00e5va och jag funderade p\u00e5 hur\njag skulle kunna visa min tacksamhet och vad jag skulle ge i geng\u00e4ld. Och jag\nkom fram till att \u00e4ven om energibalans \u00e4r viktigt, beh\u00f6ver jag n\u00f6dv\u00e4ndigtvis\ninte ge tillbaka till de personer som gav Reiki till mig \u2013 de \u00e4r ju sj\u00e4lva\nReiki-ut\u00f6vare och kan dels ge sig sj\u00e4lva Reiki och dels kan de alltid fr\u00e5ga mig\noch alla andra i v\u00e5r Reiki-klan om hj\u00e4lp n\u00e4r det beh\u00f6vs. Vi finns h\u00e4r f\u00f6r\nvarandra \u2013 det \u00e4r s\u00e5 uppenbart.<\/p>\n\n\n\n<p>Det jag kom fram till att jag ska g\u00f6ra, \u00e4r att ge vidare \u2013\ndet vill s\u00e4ga, ge Reiki till n\u00e5gon annan som jag kanske inte ens k\u00e4nner, till\nn\u00e5gon som verkligen skulle beh\u00f6va en timmes avslappning, avstressning och\nenergip\u00e5fyllnad \u2013 ja n\u00e5gon annan med br\u00f6stcancer.<\/p>\n\n\n\n<p>S\u00e5 jag kommer att l\u00e4gga upp ett inl\u00e4gg p\u00e5 min FB-sida, d\u00e4r\njag kommer att lotta ut en 60 min Reiki-behandling som kommer att utf\u00f6ras p\u00e5\nmin mottagning i Norrk\u00f6ping. Kriteriet f\u00f6r att vara med i utlottningen \u00e4r att\ndu sj\u00e4lv skall vara i br\u00f6stcancer-processen precis nu; kanske har du precis\nf\u00e5tt besked, kanske har du precis opererats eller kanske \u00e4r du ig\u00e5ng med din\nefterbehandling. <\/p>\n\n\n\n<p>S\u00e5 h\u00e5ll utkik p\u00e5 <a href=\"https:\/\/www.facebook.com\/christinemelchertab\/\">https:\/\/www.facebook.com\/christinemelchertab\/<\/a>!\n<\/p>\n\n\n\n<p>Med detta, vill jag \u00f6nska dig en underbart GOD JUL. Ta hand\nom dig och dina n\u00e4ra och k\u00e4ra. Var tacksam f\u00f6r allt som du faktiskt har. Var\ntacksam f\u00f6r de sm\u00e5 sakerna i livet \u2013 det \u00e4r de som h\u00e4nder hela tiden, s\u00e5 att\nvara tacksam f\u00f6r det lilla, kommer att ge dig en frid inombords som trumfar det\nmesta. Och tack till dig, som l\u00e4ste \u00e4nda hit.<\/p>\n","protected":false},"excerpt":{"rendered":"<p>S\u00e5 fort jag fick beskedet att jag hade en elakartad tum\u00f6r i br\u00f6stet, t\u00e4nkte jag att jag inte beh\u00f6ver klara av detta ensam. Jag ger mig sj\u00e4lv Reiki varje dag, men jag k\u00e4nde att jag ville ha s\u00e5 mycket Reiki som jag m\u00f6jligen kunde f\u00e5 f\u00f6r avslappning, l\u00e4kning och energip\u00e5fyllnad. Och eftersom att vara Reiki-l\u00e4rare &hellip; <a href=\"https:\/\/christine.melchert.se\/web\/brostcancer-del-3-reiki-tacksamhet\/\" class=\"more-link\">Forts\u00e4tt l\u00e4sa <span class=\"screen-reader-text\">Br\u00f6stcancer del 3 &#8211; Reiki &#038; tacksamhet<\/span><\/a><\/p>\n","protected":false},"author":2,"featured_media":0,"parent":0,"menu_order":0,"comment_status":"closed","ping_status":"closed","template":"","meta":{"footnotes":""},"class_list":["post-512","page","type-page","status-publish","hentry"],"_links":{"self":[{"href":"https:\/\/christine.melchert.se\/web\/wp-json\/wp\/v2\/pages\/512","targetHints":{"allow":["GET"]}}],"collection":[{"href":"https:\/\/christine.melchert.se\/web\/wp-json\/wp\/v2\/pages"}],"about":[{"href":"https:\/\/christine.melchert.se\/web\/wp-json\/wp\/v2\/types\/page"}],"author":[{"embeddable":true,"href":"https:\/\/christine.melchert.se\/web\/wp-json\/wp\/v2\/users\/2"}],"replies":[{"embeddable":true,"href":"https:\/\/christine.melchert.se\/web\/wp-json\/wp\/v2\/comments?post=512"}],"version-history":[{"count":1,"href":"https:\/\/christine.melchert.se\/web\/wp-json\/wp\/v2\/pages\/512\/revisions"}],"predecessor-version":[{"id":513,"href":"https:\/\/christine.melchert.se\/web\/wp-json\/wp\/v2\/pages\/512\/revisions\/513"}],"wp:attachment":[{"href":"https:\/\/christine.melchert.se\/web\/wp-json\/wp\/v2\/media?parent=512"}],"curies":[{"name":"wp","href":"https:\/\/api.w.org\/{rel}","templated":true}]}}