{"id":617,"date":"2021-04-30T15:30:02","date_gmt":"2021-04-30T13:30:02","guid":{"rendered":"https:\/\/christine.melchert.se\/web\/?page_id=617"},"modified":"2023-01-06T17:22:55","modified_gmt":"2023-01-06T16:22:55","slug":"youtube-kanal","status":"publish","type":"page","link":"https:\/\/christine.melchert.se\/web\/youtube-kanal\/","title":{"rendered":"YouTube-kanal"},"content":{"rendered":"\n<p>V\u00e4lkommen att bes\u00f6ka min Youtube-kanal d\u00e4r du hittar hypnosavslappningar, meditationer, andnings\u00f6vningar, yoga-pass och f\u00f6rel\u00e4sningar!<\/p>\n\n\n\n<p><a href=\"https:\/\/www.youtube.com\/channel\/UCrzh39ScKP0YYoELmnB-gkA\" target=\"_blank\" rel=\"noreferrer noopener\">(75) Christine Melchert &#8211; YouTube<\/a><\/p>\n\n\n\n<p>Gilla, prenumerera och dela g\u00e4rna!<\/p>\n\n\n\n<p>Du kan ocks\u00e5 skanna QR-koden nedan med din mobil-kamera f\u00f6r att komma direkt till min kanal.<\/p>\n\n\n\n<figure class=\"wp-block-image\"><a href=\"https:\/\/christine.melchert.se\/web\/wp-content\/uploads\/2021\/04\/image.png\"><img loading=\"lazy\" decoding=\"async\" width=\"370\" height=\"370\" src=\"https:\/\/christine.melchert.se\/web\/wp-content\/uploads\/2021\/04\/image.png\" alt=\"\" class=\"wp-image-615\" srcset=\"https:\/\/christine.melchert.se\/web\/wp-content\/uploads\/2021\/04\/image.png 370w, https:\/\/christine.melchert.se\/web\/wp-content\/uploads\/2021\/04\/image-300x300.png 300w, https:\/\/christine.melchert.se\/web\/wp-content\/uploads\/2021\/04\/image-150x150.png 150w\" sizes=\"auto, (max-width: 370px) 100vw, 370px\" \/><\/a><\/figure>\n\n\n\n<p><\/p>\n\n\n\n<p>N\u00e5gra smakprov fr\u00e5n min kanal:<\/p>\n\n\n\n<figure class=\"wp-block-embed is-type-video is-provider-youtube wp-block-embed-youtube wp-embed-aspect-16-9 wp-has-aspect-ratio\"><div class=\"wp-block-embed__wrapper\">\n<iframe loading=\"lazy\" title=\"Christine Melchert - YOGA NIDRA 20 min v\u00e4gledd meditation\" width=\"660\" height=\"371\" src=\"https:\/\/www.youtube.com\/embed\/K8kdA4CODKk?feature=oembed\" frameborder=\"0\" allow=\"accelerometer; autoplay; clipboard-write; encrypted-media; gyroscope; picture-in-picture; web-share\" referrerpolicy=\"strict-origin-when-cross-origin\" allowfullscreen><\/iframe>\n<\/div><\/figure>\n\n\n\n<figure class=\"wp-block-embed is-type-video is-provider-youtube wp-block-embed-youtube wp-embed-aspect-16-9 wp-has-aspect-ratio\"><div class=\"wp-block-embed__wrapper\">\n<iframe loading=\"lazy\" title=\"Christine Melchert - Djupavslappning med suggestioner och sovavslut\" width=\"660\" height=\"371\" src=\"https:\/\/www.youtube.com\/embed\/5EUhwXdSJVA?feature=oembed\" frameborder=\"0\" allow=\"accelerometer; autoplay; clipboard-write; encrypted-media; gyroscope; picture-in-picture; web-share\" referrerpolicy=\"strict-origin-when-cross-origin\" allowfullscreen><\/iframe>\n<\/div><\/figure>\n\n\n\n<figure class=\"wp-block-embed is-type-video is-provider-youtube wp-block-embed-youtube wp-embed-aspect-16-9 wp-has-aspect-ratio\"><div class=\"wp-block-embed__wrapper\">\n<iframe loading=\"lazy\" title=\"Christine Melchert - Meditation Spirituell rening\" width=\"660\" height=\"371\" src=\"https:\/\/www.youtube.com\/embed\/eykwB7wqY-A?feature=oembed\" frameborder=\"0\" allow=\"accelerometer; autoplay; clipboard-write; encrypted-media; gyroscope; picture-in-picture; web-share\" referrerpolicy=\"strict-origin-when-cross-origin\" allowfullscreen><\/iframe>\n<\/div><\/figure>\n","protected":false},"excerpt":{"rendered":"<p>V\u00e4lkommen att bes\u00f6ka min Youtube-kanal d\u00e4r du hittar hypnosavslappningar, meditationer, andnings\u00f6vningar, yoga-pass och f\u00f6rel\u00e4sningar! (75) Christine Melchert &#8211; YouTube Gilla, prenumerera och dela g\u00e4rna! Du kan ocks\u00e5 skanna QR-koden nedan med din mobil-kamera f\u00f6r att komma direkt till min kanal. N\u00e5gra smakprov fr\u00e5n min kanal:<\/p>\n","protected":false},"author":2,"featured_media":12,"parent":0,"menu_order":0,"comment_status":"closed","ping_status":"closed","template":"","meta":{"footnotes":""},"class_list":["post-617","page","type-page","status-publish","has-post-thumbnail","hentry"],"_links":{"self":[{"href":"https:\/\/christine.melchert.se\/web\/wp-json\/wp\/v2\/pages\/617","targetHints":{"allow":["GET"]}}],"collection":[{"href":"https:\/\/christine.melchert.se\/web\/wp-json\/wp\/v2\/pages"}],"about":[{"href":"https:\/\/christine.melchert.se\/web\/wp-json\/wp\/v2\/types\/page"}],"author":[{"embeddable":true,"href":"https:\/\/christine.melchert.se\/web\/wp-json\/wp\/v2\/users\/2"}],"replies":[{"embeddable":true,"href":"https:\/\/christine.melchert.se\/web\/wp-json\/wp\/v2\/comments?post=617"}],"version-history":[{"count":2,"href":"https:\/\/christine.melchert.se\/web\/wp-json\/wp\/v2\/pages\/617\/revisions"}],"predecessor-version":[{"id":1091,"href":"https:\/\/christine.melchert.se\/web\/wp-json\/wp\/v2\/pages\/617\/revisions\/1091"}],"wp:featuredmedia":[{"embeddable":true,"href":"https:\/\/christine.melchert.se\/web\/wp-json\/wp\/v2\/media\/12"}],"wp:attachment":[{"href":"https:\/\/christine.melchert.se\/web\/wp-json\/wp\/v2\/media?parent=617"}],"curies":[{"name":"wp","href":"https:\/\/api.w.org\/{rel}","templated":true}]}}