{"id":620,"date":"2021-04-30T15:56:39","date_gmt":"2021-04-30T13:56:39","guid":{"rendered":"https:\/\/christine.melchert.se\/web\/?page_id=620"},"modified":"2025-03-24T13:51:11","modified_gmt":"2025-03-24T12:51:11","slug":"eteriska-oljor","status":"publish","type":"page","link":"https:\/\/christine.melchert.se\/web\/eteriska-oljor\/","title":{"rendered":"Eteriska oljor"},"content":{"rendered":"\n<p>Eteriska oljor \u00e4r v\u00e4ldoftande, koncentrerade v\u00e4xtextrakt som varsamt tas fram genom \u00e5ngdestillering, kallpressning eller fr\u00e5n tr\u00e4dens k\u00e5da. Young Living erbjuder eteriska oljor, blandningar och oljeberikade produkter med den optimala m\u00e4ngden naturligt f\u00f6rekommande best\u00e5ndsdelar fr\u00e5n eterisk olja som g\u00f6r produkterna s\u00e5 verksamma som m\u00f6jligt.<\/p>\n\n\n\n<p>Young Living tummar inte p\u00e5 sina kvalitetsstandarder.&nbsp;<a href=\"https:\/\/www.youngliving.com\/sv_SE\/discover\/seed-to-seal\">Seed to Seal<\/a>&nbsp;med sina tre huvudomr\u00e5den, ink\u00f6p, vetenskap och kvalitetsstandarder, \u00e4r bransch-ledande krav p\u00e5 h\u00f6gsta m\u00f6jliga kvalitet f\u00f6r att kunna erbjuda dig och din familj produkter som ni kan anv\u00e4nda med gott samvete.<\/p>\n\n\n\n<p>Young Living arbetar ocks\u00e5 f\u00f6r att st\u00f6tta beh\u00f6vande samh\u00e4llen genom att str\u00e4cka ut en hj\u00e4lpande hand, inte bara ett bidrag. Oavsett om det handlar om att bek\u00e4mpa m\u00e4nniskosmuggling, \u00e5teruppbygga samh\u00e4llen i Nepal, hantera viktiga problem i Uganda, s\u00e5 driver Young Living f\u00f6r\u00e4ndringar fram\u00e5t genom att se potentialen d\u00e4r andra bara ser hoppl\u00f6shet.&nbsp;<\/p>\n\n\n\n<p>Young Living anser att alla m\u00e4nniskor f\u00f6rtj\u00e4nar att leva ett liv i \u00f6verfl\u00f6d och med v\u00e4lbefinnande. Som Young Living-medlem f\u00e5r du mer \u00e4n bara eteriska oljor; du f\u00e5r ocks\u00e5 en ny livsstil. Du f\u00e5r m\u00f6jlighet att tj\u00e4na gratisprodukter, f\u00f6rvandla din ekonomiska framtid och f\u00f6rmedla livsf\u00f6r\u00e4ndrande l\u00f6sningar till familjer i hela v\u00e4rlden. <\/p>\n\n\n\n<p>Jag \u00e4lskar verkligen Young Livings eteriska oljor. Kvaliteten \u00e4r fantastisk och oljornas anv\u00e4ndningsomr\u00e5den \u00e4r n\u00e4stan o\u00e4ndliga. Och att ha en doftspridare (eller tv\u00e5&#8230;) hemma \u00e4r helt ljuvligt. Jag har slutat helt med doftljus, som ofta inneh\u00e5ller giftiga \u00e4mnen och ist\u00e4llet \u00e4r det nu 100% rena eteriska oljor som sprids i v\u00e5rt hem. H\u00e4r kan jag v\u00e4lja till exempel Peppermint och Lemon om jag beh\u00f6ver piggna till, Joy f\u00f6r att k\u00e4nna mer gl\u00e4dje, Purification f\u00f6r att rena ett rum fr\u00e5n tr\u00e5kig lukt och Lavendel samt oljeblandningen Stress away f\u00f6r att komma ner i varv. <\/p>\n\n\n\n<p>Jag uppt\u00e4ckte Young Living under Covid-perioden, \u00e5ren 2021-2022 n\u00e4r s\u00e5 m\u00e5nga som 3\/4 av mina klienter avstod fr\u00e5n behandlingar och jag fick helt enkelt v\u00e4ldigt mycket ledig tid att l\u00e4ra mig om dessa underbara oljor. D\u00e5 hade jag ett gratis-event &#8221;Uppt\u00e4ck eteriska oljor&#8221; n\u00e4stan varje m\u00e5nad, d\u00e4r jag ber\u00e4ttade om Young Living, medlemskap och s\u00e5 klart om eteriska oljor. (Det finns ett fantastiskt startkit med 12 oljor och en doftspridare som jag ber\u00e4ttade om och om vi hann, ber\u00e4ttade jag \u00e4ven om fler oljor, samt mina favoritprodukter som reng\u00f6ringsserien &#8221;Thieves&#8221;, schampoo &amp; balsam, l\u00e4ppglans och mer!) Nu har jag dock f\u00e5tt tillbaka mina klienter och fler, s\u00e5 tiden till olje-event och f\u00f6rel\u00e4sningar finns inte just nu. <\/p>\n\n\n\n<p>Men sj\u00e4lvklart \u00e4r du v\u00e4lkommen att h\u00f6ra av dig till mig om du vill veta mer om medlemskapet i Young Living. <\/p>\n\n\n\n<p>Bes\u00f6k min Young Living-sida:<\/p>\n\n\n\n<p><a href=\"https:\/\/www.myyl.com\/christine-melchert-ab#\">Young Living MyYL.com | Christine Melchert AB<\/a><\/p>\n\n\n\n<p>Jag har \u00e4ven en Facebook-grupp d\u00e4r jag har lagt upp v\u00e4ldigt mycket information och recept, som du g\u00e4rna f\u00e5 g\u00e5 med i. Jag \u00e4r f\u00f6rvisso inte superaktiv i gruppen f\u00f6r n\u00e4rvarande, men det finns som sagt redan mycket information som kan vara trevligt att ta del av!<\/p>\n\n\n\n<p><a href=\"https:\/\/www.facebook.com\/groups\/914989859316153\" target=\"_blank\" rel=\"noreferrer noopener\">Christine Melchert &#8211; Eteriska oljor <\/a><\/p>\n\n\n\n<p>I videon nedan ber\u00e4ttar jag om de tolv oljorna som finns i Young Livings startkit:<\/p>\n\n\n\n<figure class=\"wp-block-embed is-type-video is-provider-youtube wp-block-embed-youtube wp-embed-aspect-16-9 wp-has-aspect-ratio\"><div class=\"wp-block-embed__wrapper\">\n<iframe loading=\"lazy\" title=\"Christine Melchert - Young Livings startkit\" width=\"660\" height=\"371\" src=\"https:\/\/www.youtube.com\/embed\/3KsadWqCr9o?feature=oembed\" frameborder=\"0\" allow=\"accelerometer; autoplay; clipboard-write; encrypted-media; gyroscope; picture-in-picture; web-share\" referrerpolicy=\"strict-origin-when-cross-origin\" allowfullscreen><\/iframe>\n<\/div><\/figure>\n\n\n\n<p>Varmt v\u00e4lkommen in i de eteriska oljornas magiska v\u00e4rld&#8230;<\/p>\n\n\n\n<figure class=\"wp-block-image size-large\"><a href=\"https:\/\/christine.melchert.se\/web\/wp-content\/uploads\/2021\/07\/FB_IMG_1618376269576.jpg\"><img loading=\"lazy\" decoding=\"async\" width=\"768\" height=\"1024\" src=\"https:\/\/christine.melchert.se\/web\/wp-content\/uploads\/2021\/07\/FB_IMG_1618376269576-768x1024.jpg\" alt=\"\" class=\"wp-image-650\" srcset=\"https:\/\/christine.melchert.se\/web\/wp-content\/uploads\/2021\/07\/FB_IMG_1618376269576-768x1024.jpg 768w, https:\/\/christine.melchert.se\/web\/wp-content\/uploads\/2021\/07\/FB_IMG_1618376269576-225x300.jpg 225w, https:\/\/christine.melchert.se\/web\/wp-content\/uploads\/2021\/07\/FB_IMG_1618376269576.jpg 1080w\" sizes=\"auto, (max-width: 768px) 100vw, 768px\" \/><\/a><\/figure>\n\n\n\n<figure class=\"wp-block-gallery has-nested-images columns-default is-cropped wp-block-gallery-1 is-layout-flex wp-block-gallery-is-layout-flex\">\n<figure class=\"wp-block-image size-large\"><a href=\"https:\/\/christine.melchert.se\/web\/wp-content\/uploads\/2021\/07\/20210106_174925-scaled.jpg\"><img loading=\"lazy\" decoding=\"async\" width=\"768\" height=\"1024\" data-id=\"652\" src=\"https:\/\/christine.melchert.se\/web\/wp-content\/uploads\/2021\/07\/20210106_174925-768x1024.jpg\" alt=\"\" class=\"wp-image-652\" srcset=\"https:\/\/christine.melchert.se\/web\/wp-content\/uploads\/2021\/07\/20210106_174925-768x1024.jpg 768w, https:\/\/christine.melchert.se\/web\/wp-content\/uploads\/2021\/07\/20210106_174925-225x300.jpg 225w, https:\/\/christine.melchert.se\/web\/wp-content\/uploads\/2021\/07\/20210106_174925-1152x1536.jpg 1152w, https:\/\/christine.melchert.se\/web\/wp-content\/uploads\/2021\/07\/20210106_174925-1536x2048.jpg 1536w, https:\/\/christine.melchert.se\/web\/wp-content\/uploads\/2021\/07\/20210106_174925-scaled.jpg 1920w\" sizes=\"auto, (max-width: 768px) 100vw, 768px\" \/><\/a><\/figure>\n\n\n\n<figure class=\"wp-block-image size-large\"><a href=\"https:\/\/christine.melchert.se\/web\/wp-content\/uploads\/2021\/07\/Carrot-Seed-5-ml-scaled.jpg\"><img loading=\"lazy\" decoding=\"async\" width=\"768\" height=\"1024\" data-id=\"653\" src=\"https:\/\/christine.melchert.se\/web\/wp-content\/uploads\/2021\/07\/Carrot-Seed-5-ml-768x1024.jpg\" alt=\"\" class=\"wp-image-653\" srcset=\"https:\/\/christine.melchert.se\/web\/wp-content\/uploads\/2021\/07\/Carrot-Seed-5-ml-768x1024.jpg 768w, https:\/\/christine.melchert.se\/web\/wp-content\/uploads\/2021\/07\/Carrot-Seed-5-ml-225x300.jpg 225w, https:\/\/christine.melchert.se\/web\/wp-content\/uploads\/2021\/07\/Carrot-Seed-5-ml-1152x1536.jpg 1152w, https:\/\/christine.melchert.se\/web\/wp-content\/uploads\/2021\/07\/Carrot-Seed-5-ml-1536x2048.jpg 1536w, https:\/\/christine.melchert.se\/web\/wp-content\/uploads\/2021\/07\/Carrot-Seed-5-ml-scaled.jpg 1920w\" sizes=\"auto, (max-width: 768px) 100vw, 768px\" \/><\/a><\/figure>\n\n\n\n<figure class=\"wp-block-image size-large\"><a href=\"https:\/\/christine.melchert.se\/web\/wp-content\/uploads\/2021\/07\/Copaiba-5-ml-scaled.jpg\"><img loading=\"lazy\" decoding=\"async\" width=\"768\" height=\"1024\" data-id=\"654\" src=\"https:\/\/christine.melchert.se\/web\/wp-content\/uploads\/2021\/07\/Copaiba-5-ml-768x1024.jpg\" alt=\"\" class=\"wp-image-654\" srcset=\"https:\/\/christine.melchert.se\/web\/wp-content\/uploads\/2021\/07\/Copaiba-5-ml-768x1024.jpg 768w, https:\/\/christine.melchert.se\/web\/wp-content\/uploads\/2021\/07\/Copaiba-5-ml-225x300.jpg 225w, https:\/\/christine.melchert.se\/web\/wp-content\/uploads\/2021\/07\/Copaiba-5-ml-1152x1536.jpg 1152w, https:\/\/christine.melchert.se\/web\/wp-content\/uploads\/2021\/07\/Copaiba-5-ml-1536x2048.jpg 1536w, https:\/\/christine.melchert.se\/web\/wp-content\/uploads\/2021\/07\/Copaiba-5-ml-scaled.jpg 1920w\" sizes=\"auto, (max-width: 768px) 100vw, 768px\" \/><\/a><\/figure>\n\n\n\n<figure class=\"wp-block-image size-large\"><a href=\"https:\/\/christine.melchert.se\/web\/wp-content\/uploads\/2021\/07\/Digize-5-ml-scaled.jpg\"><img loading=\"lazy\" decoding=\"async\" width=\"768\" height=\"1024\" data-id=\"655\" src=\"https:\/\/christine.melchert.se\/web\/wp-content\/uploads\/2021\/07\/Digize-5-ml-768x1024.jpg\" alt=\"\" class=\"wp-image-655\" srcset=\"https:\/\/christine.melchert.se\/web\/wp-content\/uploads\/2021\/07\/Digize-5-ml-768x1024.jpg 768w, https:\/\/christine.melchert.se\/web\/wp-content\/uploads\/2021\/07\/Digize-5-ml-225x300.jpg 225w, https:\/\/christine.melchert.se\/web\/wp-content\/uploads\/2021\/07\/Digize-5-ml-1152x1536.jpg 1152w, https:\/\/christine.melchert.se\/web\/wp-content\/uploads\/2021\/07\/Digize-5-ml-1536x2048.jpg 1536w, https:\/\/christine.melchert.se\/web\/wp-content\/uploads\/2021\/07\/Digize-5-ml-scaled.jpg 1920w\" sizes=\"auto, (max-width: 768px) 100vw, 768px\" \/><\/a><\/figure>\n\n\n\n<figure class=\"wp-block-image size-large\"><a href=\"https:\/\/christine.melchert.se\/web\/wp-content\/uploads\/2021\/07\/Harmony.jpg\"><img loading=\"lazy\" decoding=\"async\" width=\"250\" height=\"250\" data-id=\"656\" src=\"https:\/\/christine.melchert.se\/web\/wp-content\/uploads\/2021\/07\/Harmony.jpg\" alt=\"\" class=\"wp-image-656\" srcset=\"https:\/\/christine.melchert.se\/web\/wp-content\/uploads\/2021\/07\/Harmony.jpg 250w, https:\/\/christine.melchert.se\/web\/wp-content\/uploads\/2021\/07\/Harmony-150x150.jpg 150w\" sizes=\"auto, (max-width: 250px) 100vw, 250px\" \/><\/a><\/figure>\n\n\n\n<figure class=\"wp-block-image size-large\"><a href=\"https:\/\/christine.melchert.se\/web\/wp-content\/uploads\/2021\/07\/Lemon-5-ml-scaled.jpg\"><img loading=\"lazy\" decoding=\"async\" width=\"768\" height=\"1024\" data-id=\"657\" src=\"https:\/\/christine.melchert.se\/web\/wp-content\/uploads\/2021\/07\/Lemon-5-ml-768x1024.jpg\" alt=\"\" class=\"wp-image-657\" srcset=\"https:\/\/christine.melchert.se\/web\/wp-content\/uploads\/2021\/07\/Lemon-5-ml-768x1024.jpg 768w, https:\/\/christine.melchert.se\/web\/wp-content\/uploads\/2021\/07\/Lemon-5-ml-225x300.jpg 225w, https:\/\/christine.melchert.se\/web\/wp-content\/uploads\/2021\/07\/Lemon-5-ml-1152x1536.jpg 1152w, https:\/\/christine.melchert.se\/web\/wp-content\/uploads\/2021\/07\/Lemon-5-ml-1536x2048.jpg 1536w, https:\/\/christine.melchert.se\/web\/wp-content\/uploads\/2021\/07\/Lemon-5-ml-scaled.jpg 1920w\" sizes=\"auto, (max-width: 768px) 100vw, 768px\" \/><\/a><\/figure>\n\n\n\n<figure class=\"wp-block-image size-large\"><a href=\"https:\/\/christine.melchert.se\/web\/wp-content\/uploads\/2021\/07\/Stressaway-scaled.jpg\"><img loading=\"lazy\" decoding=\"async\" width=\"768\" height=\"1024\" data-id=\"658\" src=\"https:\/\/christine.melchert.se\/web\/wp-content\/uploads\/2021\/07\/Stressaway-768x1024.jpg\" alt=\"\" class=\"wp-image-658\" srcset=\"https:\/\/christine.melchert.se\/web\/wp-content\/uploads\/2021\/07\/Stressaway-768x1024.jpg 768w, https:\/\/christine.melchert.se\/web\/wp-content\/uploads\/2021\/07\/Stressaway-225x300.jpg 225w, https:\/\/christine.melchert.se\/web\/wp-content\/uploads\/2021\/07\/Stressaway-1152x1536.jpg 1152w, https:\/\/christine.melchert.se\/web\/wp-content\/uploads\/2021\/07\/Stressaway-1536x2048.jpg 1536w, https:\/\/christine.melchert.se\/web\/wp-content\/uploads\/2021\/07\/Stressaway-scaled.jpg 1920w\" sizes=\"auto, (max-width: 768px) 100vw, 768px\" \/><\/a><\/figure>\n\n\n\n<figure class=\"wp-block-image size-large\"><a href=\"https:\/\/christine.melchert.se\/web\/wp-content\/uploads\/2021\/07\/V-6-scaled.jpg\"><img loading=\"lazy\" decoding=\"async\" width=\"768\" height=\"1024\" data-id=\"659\" src=\"https:\/\/christine.melchert.se\/web\/wp-content\/uploads\/2021\/07\/V-6-768x1024.jpg\" alt=\"\" class=\"wp-image-659\" srcset=\"https:\/\/christine.melchert.se\/web\/wp-content\/uploads\/2021\/07\/V-6-768x1024.jpg 768w, https:\/\/christine.melchert.se\/web\/wp-content\/uploads\/2021\/07\/V-6-225x300.jpg 225w, https:\/\/christine.melchert.se\/web\/wp-content\/uploads\/2021\/07\/V-6-1152x1536.jpg 1152w, https:\/\/christine.melchert.se\/web\/wp-content\/uploads\/2021\/07\/V-6-1536x2048.jpg 1536w, https:\/\/christine.melchert.se\/web\/wp-content\/uploads\/2021\/07\/V-6-scaled.jpg 1920w\" sizes=\"auto, (max-width: 768px) 100vw, 768px\" \/><\/a><\/figure>\n\n\n\n<figure class=\"wp-block-image size-large\"><a href=\"https:\/\/christine.melchert.se\/web\/wp-content\/uploads\/2021\/07\/Vanilla-Christmas-spirit-scaled.jpg\"><img loading=\"lazy\" decoding=\"async\" width=\"805\" height=\"1024\" data-id=\"660\" src=\"https:\/\/christine.melchert.se\/web\/wp-content\/uploads\/2021\/07\/Vanilla-Christmas-spirit-805x1024.jpg\" alt=\"\" class=\"wp-image-660\" srcset=\"https:\/\/christine.melchert.se\/web\/wp-content\/uploads\/2021\/07\/Vanilla-Christmas-spirit-805x1024.jpg 805w, https:\/\/christine.melchert.se\/web\/wp-content\/uploads\/2021\/07\/Vanilla-Christmas-spirit-236x300.jpg 236w, https:\/\/christine.melchert.se\/web\/wp-content\/uploads\/2021\/07\/Vanilla-Christmas-spirit-768x977.jpg 768w, https:\/\/christine.melchert.se\/web\/wp-content\/uploads\/2021\/07\/Vanilla-Christmas-spirit-1208x1536.jpg 1208w, https:\/\/christine.melchert.se\/web\/wp-content\/uploads\/2021\/07\/Vanilla-Christmas-spirit-1610x2048.jpg 1610w, https:\/\/christine.melchert.se\/web\/wp-content\/uploads\/2021\/07\/Vanilla-Christmas-spirit-scaled.jpg 2013w\" sizes=\"auto, (max-width: 805px) 100vw, 805px\" \/><\/a><\/figure>\n<\/figure>\n\n\n","protected":false},"excerpt":{"rendered":"<p>Eteriska oljor \u00e4r v\u00e4ldoftande, koncentrerade v\u00e4xtextrakt som varsamt tas fram genom \u00e5ngdestillering, kallpressning eller fr\u00e5n tr\u00e4dens k\u00e5da. Young Living erbjuder eteriska oljor, blandningar och oljeberikade produkter med den optimala m\u00e4ngden naturligt f\u00f6rekommande best\u00e5ndsdelar fr\u00e5n eterisk olja som g\u00f6r produkterna s\u00e5 verksamma som m\u00f6jligt. Young Living tummar inte p\u00e5 sina kvalitetsstandarder.&nbsp;Seed to Seal&nbsp;med sina tre huvudomr\u00e5den, &hellip; <a href=\"https:\/\/christine.melchert.se\/web\/eteriska-oljor\/\" class=\"more-link\">Forts\u00e4tt l\u00e4sa <span class=\"screen-reader-text\">Eteriska oljor<\/span><\/a><\/p>\n","protected":false},"author":2,"featured_media":1339,"parent":0,"menu_order":0,"comment_status":"closed","ping_status":"closed","template":"","meta":{"footnotes":""},"class_list":["post-620","page","type-page","status-publish","has-post-thumbnail","hentry"],"_links":{"self":[{"href":"https:\/\/christine.melchert.se\/web\/wp-json\/wp\/v2\/pages\/620","targetHints":{"allow":["GET"]}}],"collection":[{"href":"https:\/\/christine.melchert.se\/web\/wp-json\/wp\/v2\/pages"}],"about":[{"href":"https:\/\/christine.melchert.se\/web\/wp-json\/wp\/v2\/types\/page"}],"author":[{"embeddable":true,"href":"https:\/\/christine.melchert.se\/web\/wp-json\/wp\/v2\/users\/2"}],"replies":[{"embeddable":true,"href":"https:\/\/christine.melchert.se\/web\/wp-json\/wp\/v2\/comments?post=620"}],"version-history":[{"count":9,"href":"https:\/\/christine.melchert.se\/web\/wp-json\/wp\/v2\/pages\/620\/revisions"}],"predecessor-version":[{"id":1338,"href":"https:\/\/christine.melchert.se\/web\/wp-json\/wp\/v2\/pages\/620\/revisions\/1338"}],"wp:featuredmedia":[{"embeddable":true,"href":"https:\/\/christine.melchert.se\/web\/wp-json\/wp\/v2\/media\/1339"}],"wp:attachment":[{"href":"https:\/\/christine.melchert.se\/web\/wp-json\/wp\/v2\/media?parent=620"}],"curies":[{"name":"wp","href":"https:\/\/api.w.org\/{rel}","templated":true}]}}